{"id":9601,"date":"2025-06-20T16:22:25","date_gmt":"2025-06-20T16:22:25","guid":{"rendered":"https:\/\/expowetrade.com\/?page_id=9601"},"modified":"2026-01-20T03:16:21","modified_gmt":"2026-01-20T03:16:21","slug":"fotos-2025","status":"publish","type":"page","link":"https:\/\/expowetrade.com\/en\/fotos-2025\/","title":{"rendered":"Fotos 2025"},"content":{"rendered":"<div data-elementor-type=\"wp-page\" data-elementor-id=\"9601\" class=\"elementor elementor-9601\">\n\t\t\t\t<div class=\"elementor-element elementor-element-25ba916 e-con-full e-flex wpr-particle-no wpr-jarallax-no wpr-parallax-no wpr-sticky-section-no e-con e-parent\" data-id=\"25ba916\" data-element_type=\"container\">\n\t\t\t\t<div class=\"elementor-element elementor-element-3a0d23d elementor-widget elementor-widget-image\" data-id=\"3a0d23d\" data-element_type=\"widget\" data-widget_type=\"image.default\">\n\t\t\t\t<div class=\"elementor-widget-container\">\n\t\t\t\t\t\t\t\t\t\t\t\t\t\t\t<img fetchpriority=\"high\" decoding=\"async\" width=\"2460\" height=\"900\" src=\"https:\/\/expowetrade.com\/wp-content\/uploads\/2026\/01\/Banner-Principal-Memorias-2.png\" class=\"attachment-full size-full wp-image-11946\" alt=\"\" srcset=\"https:\/\/expowetrade.com\/wp-content\/uploads\/2026\/01\/Banner-Principal-Memorias-2.png 2460w, https:\/\/expowetrade.com\/wp-content\/uploads\/2026\/01\/Banner-Principal-Memorias-2-300x110.png 300w, https:\/\/expowetrade.com\/wp-content\/uploads\/2026\/01\/Banner-Principal-Memorias-2-1024x375.png 1024w, https:\/\/expowetrade.com\/wp-content\/uploads\/2026\/01\/Banner-Principal-Memorias-2-768x281.png 768w, https:\/\/expowetrade.com\/wp-content\/uploads\/2026\/01\/Banner-Principal-Memorias-2-1536x562.png 1536w, https:\/\/expowetrade.com\/wp-content\/uploads\/2026\/01\/Banner-Principal-Memorias-2-2048x749.png 2048w, https:\/\/expowetrade.com\/wp-content\/uploads\/2026\/01\/Banner-Principal-Memorias-2-18x7.png 18w\" sizes=\"(max-width: 2460px) 100vw, 2460px\" \/>\t\t\t\t\t\t\t\t\t\t\t\t\t\t\t<\/div>\n\t\t\t\t<\/div>\n\t\t\t\t<\/div>\n\t\t<div class=\"elementor-element elementor-element-adfdc0e e-con-full elementor-hidden-widescreen elementor-hidden-desktop elementor-hidden-laptop elementor-hidden-tablet_extra elementor-hidden-tablet elementor-hidden-mobile_extra elementor-hidden-mobile e-flex wpr-particle-no wpr-jarallax-no wpr-parallax-no wpr-sticky-section-no e-con e-parent\" data-id=\"adfdc0e\" data-element_type=\"container\" id=\"inicio\" data-settings=\"{&quot;background_background&quot;:&quot;classic&quot;}\">\n\t\t\t\t<div class=\"elementor-element elementor-element-8372f98 elementor-widget__width-auto elementor-invisible elementor-widget elementor-widget-heading\" data-id=\"8372f98\" data-element_type=\"widget\" data-settings=\"{&quot;_animation&quot;:&quot;fadeInLeft&quot;,&quot;_animation_widescreen&quot;:&quot;fadeInLeft&quot;}\" data-widget_type=\"heading.default\">\n\t\t\t\t<div class=\"elementor-widget-container\">\n\t\t\t\t\t<h2 class=\"elementor-heading-title elementor-size-default\">TE INVITAMOS  A<\/h2>\t\t\t\t<\/div>\n\t\t\t\t<\/div>\n\t\t\t\t<div class=\"elementor-element elementor-element-9fe7a6a elementor-invisible elementor-widget elementor-widget-heading\" data-id=\"9fe7a6a\" data-element_type=\"widget\" data-settings=\"{&quot;_animation&quot;:&quot;fadeInLeft&quot;,&quot;_animation_widescreen&quot;:&quot;fadeInLeft&quot;}\" data-widget_type=\"heading.default\">\n\t\t\t\t<div class=\"elementor-widget-container\">\n\t\t\t\t\t<h2 class=\"elementor-heading-title elementor-size-default\"><strong> Conocer las<\/strong>  <\/h2>\t\t\t\t<\/div>\n\t\t\t\t<\/div>\n\t\t\t\t<div class=\"elementor-element elementor-element-b962721 elementor-invisible elementor-widget elementor-widget-heading\" data-id=\"b962721\" data-element_type=\"widget\" data-settings=\"{&quot;_animation&quot;:&quot;fadeInLeft&quot;,&quot;_animation_widescreen&quot;:&quot;fadeInLeft&quot;}\" data-widget_type=\"heading.default\">\n\t\t\t\t<div class=\"elementor-widget-container\">\n\t\t\t\t\t<h2 class=\"elementor-heading-title elementor-size-default\">Memoirs  <br><\/h2>\t\t\t\t<\/div>\n\t\t\t\t<\/div>\n\t\t\t\t<div class=\"elementor-element elementor-element-ec159ca elementor-widget__width-initial elementor-widget-tablet_extra__width-initial elementor-invisible elementor-widget elementor-widget-heading\" data-id=\"ec159ca\" data-element_type=\"widget\" data-settings=\"{&quot;_animation&quot;:&quot;fadeInLeft&quot;,&quot;_animation_widescreen&quot;:&quot;fadeInLeft&quot;}\" data-widget_type=\"heading.default\">\n\t\t\t\t<div class=\"elementor-widget-container\">\n\t\t\t\t\t<h2 class=\"elementor-heading-title elementor-size-default\">En weTrade 2025 <br><\/h2>\t\t\t\t<\/div>\n\t\t\t\t<\/div>\n\t\t\t\t<\/div>\n\t\t<div class=\"elementor-element elementor-element-1e61cfd0 e-flex e-con-boxed wpr-particle-no wpr-jarallax-no wpr-parallax-no wpr-sticky-section-no e-con e-parent\" data-id=\"1e61cfd0\" data-element_type=\"container\">\n\t\t\t\t\t<div class=\"e-con-inner\">\n\t\t<div class=\"elementor-element elementor-element-4d77fe9 e-con-full e-flex wpr-particle-no wpr-jarallax-no wpr-parallax-no wpr-sticky-section-no e-con e-child\" data-id=\"4d77fe9\" data-element_type=\"container\">\n\t\t\t\t<div class=\"elementor-element elementor-element-603c278 elementor-widget elementor-widget-heading\" data-id=\"603c278\" data-element_type=\"widget\" data-widget_type=\"heading.default\">\n\t\t\t\t<div class=\"elementor-widget-container\">\n\t\t\t\t\t<h2 class=\"elementor-heading-title elementor-size-default\">Disfruta de las memorias y contenidos<\/h2>\t\t\t\t<\/div>\n\t\t\t\t<\/div>\n\t\t\t\t<div class=\"elementor-element elementor-element-848fdd8 elementor-widget elementor-widget-text-editor\" data-id=\"848fdd8\" data-element_type=\"widget\" data-widget_type=\"text-editor.default\">\n\t\t\t\t<div class=\"elementor-widget-container\">\n\t\t\t\t\t\t\t\t\t<p>En weTrade, encuentras contenidos que promueven la diversidad, la equidad y la inclusi\u00f3n.<\/p>\t\t\t\t\t\t\t\t<\/div>\n\t\t\t\t<\/div>\n\t\t\t\t<\/div>\n\t\t<div class=\"elementor-element elementor-element-38888f6 e-con-full e-flex wpr-particle-no wpr-jarallax-no wpr-parallax-no wpr-sticky-section-no e-con e-child\" data-id=\"38888f6\" data-element_type=\"container\">\n\t\t<div class=\"elementor-element elementor-element-a91483f e-con-full e-flex wpr-particle-no wpr-jarallax-no wpr-parallax-no wpr-sticky-section-no e-con e-child\" data-id=\"a91483f\" data-element_type=\"container\">\n\t\t\t\t<div class=\"elementor-element elementor-element-e341917 elementor-widget elementor-widget-heading\" data-id=\"e341917\" data-element_type=\"widget\" data-widget_type=\"heading.default\">\n\t\t\t\t<div class=\"elementor-widget-container\">\n\t\t\t\t\t<h2 class=\"elementor-heading-title elementor-size-default\">Day 1 <\/h2>\t\t\t\t<\/div>\n\t\t\t\t<\/div>\n\t\t\t\t<div class=\"elementor-element elementor-element-4daed4c elementor-button-warning elementor-mobile-align-justify elementor-align-center elementor-widescreen-align-center elementor-widget elementor-widget-button\" data-id=\"4daed4c\" data-element_type=\"widget\" data-widget_type=\"button.default\">\n\t\t\t\t<div class=\"elementor-widget-container\">\n\t\t\t\t\t\t\t\t\t<div class=\"elementor-button-wrapper\">\n\t\t\t\t\t<a class=\"elementor-button elementor-button-link elementor-size-sm\" href=\"https:\/\/expowetrade.com\/en\/memorias-wetrade-2025\/\">\n\t\t\t\t\t\t<span class=\"elementor-button-content-wrapper\">\n\t\t\t\t\t\t\t\t\t<span class=\"elementor-button-text\">Ver m\u00e1s<\/span>\n\t\t\t\t\t<\/span>\n\t\t\t\t\t<\/a>\n\t\t\t\t<\/div>\n\t\t\t\t\t\t\t\t<\/div>\n\t\t\t\t<\/div>\n\t\t\t\t<div class=\"elementor-element elementor-element-9301627 elementor-widget elementor-widget-image\" data-id=\"9301627\" data-element_type=\"widget\" data-widget_type=\"image.default\">\n\t\t\t\t<div class=\"elementor-widget-container\">\n\t\t\t\t\t\t\t\t\t\t\t\t\t\t\t\t<a href=\"https:\/\/expowetrade.com\/en\/memorias-wetrade-2025\/\">\n\t\t\t\t\t\t\t<img decoding=\"async\" width=\"2560\" height=\"1707\" src=\"https:\/\/expowetrade.com\/wp-content\/uploads\/2025\/06\/DSC02097-scaled.jpg\" class=\"attachment-full size-full wp-image-9603\" alt=\"\" srcset=\"https:\/\/expowetrade.com\/wp-content\/uploads\/2025\/06\/DSC02097-scaled.jpg 2560w, https:\/\/expowetrade.com\/wp-content\/uploads\/2025\/06\/DSC02097-300x200.jpg 300w, https:\/\/expowetrade.com\/wp-content\/uploads\/2025\/06\/DSC02097-1024x683.jpg 1024w, https:\/\/expowetrade.com\/wp-content\/uploads\/2025\/06\/DSC02097-768x512.jpg 768w, https:\/\/expowetrade.com\/wp-content\/uploads\/2025\/06\/DSC02097-1536x1024.jpg 1536w, https:\/\/expowetrade.com\/wp-content\/uploads\/2025\/06\/DSC02097-2048x1365.jpg 2048w, https:\/\/expowetrade.com\/wp-content\/uploads\/2025\/06\/DSC02097-18x12.jpg 18w\" sizes=\"(max-width: 2560px) 100vw, 2560px\" \/>\t\t\t\t\t\t\t\t<\/a>\n\t\t\t\t\t\t\t\t\t\t\t\t\t\t\t<\/div>\n\t\t\t\t<\/div>\n\t\t\t\t<\/div>\n\t\t<div class=\"elementor-element elementor-element-eaa3a8f e-con-full e-flex wpr-particle-no wpr-jarallax-no wpr-parallax-no wpr-sticky-section-no e-con e-child\" data-id=\"eaa3a8f\" data-element_type=\"container\">\n\t\t\t\t<div class=\"elementor-element elementor-element-25c92aa elementor-widget elementor-widget-heading\" data-id=\"25c92aa\" data-element_type=\"widget\" data-widget_type=\"heading.default\">\n\t\t\t\t<div class=\"elementor-widget-container\">\n\t\t\t\t\t<h2 class=\"elementor-heading-title elementor-size-default\">Day 2<\/h2>\t\t\t\t<\/div>\n\t\t\t\t<\/div>\n\t\t\t\t<div class=\"elementor-element elementor-element-cf7af41 elementor-button-warning elementor-mobile-align-justify elementor-align-center elementor-widescreen-align-center elementor-widget elementor-widget-button\" data-id=\"cf7af41\" data-element_type=\"widget\" data-widget_type=\"button.default\">\n\t\t\t\t<div class=\"elementor-widget-container\">\n\t\t\t\t\t\t\t\t\t<div class=\"elementor-button-wrapper\">\n\t\t\t\t\t<a class=\"elementor-button elementor-button-link elementor-size-sm\" href=\"https:\/\/expowetrade.com\/en\/memorias-wetrade-2025-dia-2\/\">\n\t\t\t\t\t\t<span class=\"elementor-button-content-wrapper\">\n\t\t\t\t\t\t\t\t\t<span class=\"elementor-button-text\">Ver m\u00e1s<\/span>\n\t\t\t\t\t<\/span>\n\t\t\t\t\t<\/a>\n\t\t\t\t<\/div>\n\t\t\t\t\t\t\t\t<\/div>\n\t\t\t\t<\/div>\n\t\t\t\t<div class=\"elementor-element elementor-element-85c6ccd elementor-widget elementor-widget-image\" data-id=\"85c6ccd\" data-element_type=\"widget\" data-widget_type=\"image.default\">\n\t\t\t\t<div class=\"elementor-widget-container\">\n\t\t\t\t\t\t\t\t\t\t\t\t\t\t\t\t<a href=\"https:\/\/expowetrade.com\/en\/memorias-wetrade-2025-dia-2\/\">\n\t\t\t\t\t\t\t<img decoding=\"async\" width=\"2560\" height=\"1920\" src=\"https:\/\/expowetrade.com\/wp-content\/uploads\/2025\/06\/WhatsApp-Image-2025-06-24-at-10.04.46-AM-scaled.jpeg\" class=\"attachment-full size-full wp-image-9687\" alt=\"\" srcset=\"https:\/\/expowetrade.com\/wp-content\/uploads\/2025\/06\/WhatsApp-Image-2025-06-24-at-10.04.46-AM-scaled.jpeg 2560w, https:\/\/expowetrade.com\/wp-content\/uploads\/2025\/06\/WhatsApp-Image-2025-06-24-at-10.04.46-AM-300x225.jpeg 300w, https:\/\/expowetrade.com\/wp-content\/uploads\/2025\/06\/WhatsApp-Image-2025-06-24-at-10.04.46-AM-1024x768.jpeg 1024w, https:\/\/expowetrade.com\/wp-content\/uploads\/2025\/06\/WhatsApp-Image-2025-06-24-at-10.04.46-AM-768x576.jpeg 768w, https:\/\/expowetrade.com\/wp-content\/uploads\/2025\/06\/WhatsApp-Image-2025-06-24-at-10.04.46-AM-1536x1152.jpeg 1536w, https:\/\/expowetrade.com\/wp-content\/uploads\/2025\/06\/WhatsApp-Image-2025-06-24-at-10.04.46-AM-2048x1536.jpeg 2048w, https:\/\/expowetrade.com\/wp-content\/uploads\/2025\/06\/WhatsApp-Image-2025-06-24-at-10.04.46-AM-16x12.jpeg 16w\" sizes=\"(max-width: 2560px) 100vw, 2560px\" \/>\t\t\t\t\t\t\t\t<\/a>\n\t\t\t\t\t\t\t\t\t\t\t\t\t\t\t<\/div>\n\t\t\t\t<\/div>\n\t\t\t\t<\/div>\n\t\t\t\t<\/div>\n\t\t\t\t\t<\/div>\n\t\t\t\t<\/div>\n\t\t<div class=\"elementor-element elementor-element-0c674db e-flex e-con-boxed wpr-particle-no wpr-jarallax-no wpr-parallax-no wpr-sticky-section-no e-con e-parent\" data-id=\"0c674db\" data-element_type=\"container\" data-settings=\"{&quot;background_background&quot;:&quot;classic&quot;}\">\n\t\t\t\t\t<div class=\"e-con-inner\">\n\t\t\t\t<div class=\"elementor-element elementor-element-81e29ce elementor-widget elementor-widget-heading\" data-id=\"81e29ce\" data-element_type=\"widget\" data-widget_type=\"heading.default\">\n\t\t\t\t<div class=\"elementor-widget-container\">\n\t\t\t\t\t<p class=\"elementor-heading-title elementor-size-default\">Contact us<\/p>\t\t\t\t<\/div>\n\t\t\t\t<\/div>\n\t\t\t\t<div class=\"elementor-element elementor-element-591b55a elementor-widget elementor-widget-text-editor\" data-id=\"591b55a\" data-element_type=\"widget\" data-widget_type=\"text-editor.default\">\n\t\t\t\t<div class=\"elementor-widget-container\">\n\t\t\t\t\t\t\t\t\t<p>Email: director@camaradeladiversidad.com<br \/>Tel: (601) 4973920\u00a0<\/p>\t\t\t\t\t\t\t\t<\/div>\n\t\t\t\t<\/div>\n\t\t<div class=\"elementor-element elementor-element-c620223 e-con-full e-flex wpr-particle-no wpr-jarallax-no wpr-parallax-no wpr-sticky-section-no e-con e-child\" data-id=\"c620223\" data-element_type=\"container\">\n\t\t\t\t<div class=\"elementor-element elementor-element-37daf75 elementor-widget elementor-widget-image\" data-id=\"37daf75\" data-element_type=\"widget\" data-widget_type=\"image.default\">\n\t\t\t\t<div class=\"elementor-widget-container\">\n\t\t\t\t\t\t\t\t\t\t\t\t\t\t\t<img loading=\"lazy\" decoding=\"async\" width=\"178\" height=\"164\" src=\"https:\/\/expowetrade.com\/wp-content\/uploads\/2023\/07\/Footer-Logo-weTrade.png\" class=\"attachment-full size-full wp-image-5873\" alt=\"\" \/>\t\t\t\t\t\t\t\t\t\t\t\t\t\t\t<\/div>\n\t\t\t\t<\/div>\n\t\t\t\t<div class=\"elementor-element elementor-element-e8a35c3 elementor-widget elementor-widget-image\" data-id=\"e8a35c3\" data-element_type=\"widget\" data-widget_type=\"image.default\">\n\t\t\t\t<div class=\"elementor-widget-container\">\n\t\t\t\t\t\t\t\t\t\t\t\t\t\t\t<img loading=\"lazy\" decoding=\"async\" width=\"300\" height=\"113\" src=\"https:\/\/expowetrade.com\/wp-content\/uploads\/2023\/07\/Footer-Logo-Camara.png\" class=\"attachment-large size-large wp-image-5872\" alt=\"\" \/>\t\t\t\t\t\t\t\t\t\t\t\t\t\t\t<\/div>\n\t\t\t\t<\/div>\n\t\t\t\t<\/div>\n\t\t\t\t\t<\/div>\n\t\t\t\t<\/div>\n\t\t\t\t<\/div>","protected":false},"excerpt":{"rendered":"<p>TE INVITAMOS A Conocer las Memorias En weTrade 2025 Disfruta de las memorias y contenidos En weTrade, encuentras contenidos que promueven la diversidad, la equidad y la inclusi\u00f3n. D\u00eda 1 Ver m\u00e1s D\u00eda 2 Ver m\u00e1s Cont\u00e1ctanos Email: director@camaradeladiversidad.comTel: (601) 4973920\u00a0<\/p>","protected":false},"author":1,"featured_media":0,"parent":0,"menu_order":0,"comment_status":"closed","ping_status":"closed","template":"","meta":{"site-sidebar-layout":"no-sidebar","site-content-layout":"page-builder","ast-global-header-display":"","ast-banner-title-visibility":"","ast-main-header-display":"","ast-hfb-above-header-display":"","ast-hfb-below-header-display":"","ast-hfb-mobile-header-display":"","site-post-title":"disabled","ast-breadcrumbs-content":"","ast-featured-img":"disabled","footer-sml-layout":"","theme-transparent-header-meta":"default","adv-header-id-meta":"","stick-header-meta":"","header-above-stick-meta":"","header-main-stick-meta":"","header-below-stick-meta":"","_daextrevo_audio_file_creation_date":"","_daextrevo_text_to_speech":"","_daextrevo_document_type":"text","footnotes":""},"class_list":["post-9601","page","type-page","status-publish","hentry"],"yoast_head":"<!-- This site is optimized with the Yoast SEO plugin v24.8.1 - https:\/\/yoast.com\/wordpress\/plugins\/seo\/ -->\n<title>Fotos 2025 - weTrade 2026<\/title>\n<meta name=\"robots\" content=\"index, follow, max-snippet:-1, max-image-preview:large, max-video-preview:-1\" \/>\n<link rel=\"canonical\" href=\"https:\/\/expowetrade.com\/en\/fotos-2025\/\" \/>\n<meta property=\"og:locale\" content=\"en_US\" \/>\n<meta property=\"og:type\" content=\"article\" \/>\n<meta property=\"og:title\" content=\"Fotos 2025 - weTrade 2026\" \/>\n<meta property=\"og:description\" content=\"TE INVITAMOS A Conocer las Memorias En weTrade 2025 Disfruta de las memorias y contenidos En weTrade, encuentras contenidos que promueven la diversidad, la equidad y la inclusi\u00f3n. D\u00eda 1 Ver m\u00e1s D\u00eda 2 Ver m\u00e1s Cont\u00e1ctanos Email: director@camaradeladiversidad.comTel: (601) 4973920\u00a0\" \/>\n<meta property=\"og:url\" content=\"https:\/\/expowetrade.com\/en\/fotos-2025\/\" \/>\n<meta property=\"og:site_name\" content=\"weTrade 2026\" \/>\n<meta property=\"article:modified_time\" content=\"2026-01-20T03:16:21+00:00\" \/>\n<meta property=\"og:image\" content=\"https:\/\/expowetrade.com\/wp-content\/uploads\/2026\/01\/Banner-Principal-Memorias-2.png\" \/>\n\t<meta property=\"og:image:width\" content=\"2460\" \/>\n\t<meta property=\"og:image:height\" content=\"900\" \/>\n\t<meta property=\"og:image:type\" content=\"image\/png\" \/>\n<meta name=\"twitter:card\" content=\"summary_large_image\" \/>\n<meta name=\"twitter:label1\" content=\"Est. reading time\" \/>\n\t<meta name=\"twitter:data1\" content=\"2 minutes\" \/>\n<script type=\"application\/ld+json\" class=\"yoast-schema-graph\">{\"@context\":\"https:\/\/schema.org\",\"@graph\":[{\"@type\":\"WebPage\",\"@id\":\"https:\/\/expowetrade.com\/fotos-2025\/\",\"url\":\"https:\/\/expowetrade.com\/fotos-2025\/\",\"name\":\"Fotos 2025 - weTrade 2026\",\"isPartOf\":{\"@id\":\"https:\/\/www.expowetrade.com\/#website\"},\"primaryImageOfPage\":{\"@id\":\"https:\/\/expowetrade.com\/fotos-2025\/#primaryimage\"},\"image\":{\"@id\":\"https:\/\/expowetrade.com\/fotos-2025\/#primaryimage\"},\"thumbnailUrl\":\"https:\/\/expowetrade.com\/wp-content\/uploads\/2026\/01\/Banner-Principal-Memorias-2.png\",\"datePublished\":\"2025-06-20T16:22:25+00:00\",\"dateModified\":\"2026-01-20T03:16:21+00:00\",\"breadcrumb\":{\"@id\":\"https:\/\/expowetrade.com\/fotos-2025\/#breadcrumb\"},\"inLanguage\":\"en-US\",\"potentialAction\":[{\"@type\":\"ReadAction\",\"target\":[\"https:\/\/expowetrade.com\/fotos-2025\/\"]}]},{\"@type\":\"ImageObject\",\"inLanguage\":\"en-US\",\"@id\":\"https:\/\/expowetrade.com\/fotos-2025\/#primaryimage\",\"url\":\"https:\/\/expowetrade.com\/wp-content\/uploads\/2026\/01\/Banner-Principal-Memorias-2.png\",\"contentUrl\":\"https:\/\/expowetrade.com\/wp-content\/uploads\/2026\/01\/Banner-Principal-Memorias-2.png\"},{\"@type\":\"BreadcrumbList\",\"@id\":\"https:\/\/expowetrade.com\/fotos-2025\/#breadcrumb\",\"itemListElement\":[{\"@type\":\"ListItem\",\"position\":1,\"name\":\"Portada\",\"item\":\"https:\/\/expowetrade.com\/\"},{\"@type\":\"ListItem\",\"position\":2,\"name\":\"Fotos 2025\"}]},{\"@type\":\"WebSite\",\"@id\":\"https:\/\/www.expowetrade.com\/#website\",\"url\":\"https:\/\/www.expowetrade.com\/\",\"name\":\"weTrade 2026\",\"description\":\"Feria de oportunidades y negocios diversos\",\"publisher\":{\"@id\":\"https:\/\/www.expowetrade.com\/#organization\"},\"potentialAction\":[{\"@type\":\"SearchAction\",\"target\":{\"@type\":\"EntryPoint\",\"urlTemplate\":\"https:\/\/www.expowetrade.com\/?s={search_term_string}\"},\"query-input\":{\"@type\":\"PropertyValueSpecification\",\"valueRequired\":true,\"valueName\":\"search_term_string\"}}],\"inLanguage\":\"en-US\"},{\"@type\":\"Organization\",\"@id\":\"https:\/\/www.expowetrade.com\/#organization\",\"name\":\"weTrade 2026\",\"url\":\"https:\/\/www.expowetrade.com\/\",\"logo\":{\"@type\":\"ImageObject\",\"inLanguage\":\"en-US\",\"@id\":\"https:\/\/www.expowetrade.com\/#\/schema\/logo\/image\/\",\"url\":\"https:\/\/expowetrade.com\/wp-content\/uploads\/2022\/05\/minimowt_Mesa-de-trabajo-1.png\",\"contentUrl\":\"https:\/\/expowetrade.com\/wp-content\/uploads\/2022\/05\/minimowt_Mesa-de-trabajo-1.png\",\"width\":38,\"height\":36,\"caption\":\"weTrade 2026\"},\"image\":{\"@id\":\"https:\/\/www.expowetrade.com\/#\/schema\/logo\/image\/\"}}]}<\/script>\n<!-- \/ Yoast SEO plugin. -->","yoast_head_json":{"title":"Fotos 2025 - weTrade 2026","robots":{"index":"index","follow":"follow","max-snippet":"max-snippet:-1","max-image-preview":"max-image-preview:large","max-video-preview":"max-video-preview:-1"},"canonical":"https:\/\/expowetrade.com\/en\/fotos-2025\/","og_locale":"en_US","og_type":"article","og_title":"Fotos 2025 - weTrade 2026","og_description":"TE INVITAMOS A Conocer las Memorias En weTrade 2025 Disfruta de las memorias y contenidos En weTrade, encuentras contenidos que promueven la diversidad, la equidad y la inclusi\u00f3n. D\u00eda 1 Ver m\u00e1s D\u00eda 2 Ver m\u00e1s Cont\u00e1ctanos Email: director@camaradeladiversidad.comTel: (601) 4973920\u00a0","og_url":"https:\/\/expowetrade.com\/en\/fotos-2025\/","og_site_name":"weTrade 2026","article_modified_time":"2026-01-20T03:16:21+00:00","og_image":[{"width":2460,"height":900,"url":"https:\/\/expowetrade.com\/wp-content\/uploads\/2026\/01\/Banner-Principal-Memorias-2.png","type":"image\/png"}],"twitter_card":"summary_large_image","twitter_misc":{"Est. reading time":"2 minutes"},"schema":{"@context":"https:\/\/schema.org","@graph":[{"@type":"WebPage","@id":"https:\/\/expowetrade.com\/fotos-2025\/","url":"https:\/\/expowetrade.com\/fotos-2025\/","name":"Fotos 2025 - weTrade 2026","isPartOf":{"@id":"https:\/\/www.expowetrade.com\/#website"},"primaryImageOfPage":{"@id":"https:\/\/expowetrade.com\/fotos-2025\/#primaryimage"},"image":{"@id":"https:\/\/expowetrade.com\/fotos-2025\/#primaryimage"},"thumbnailUrl":"https:\/\/expowetrade.com\/wp-content\/uploads\/2026\/01\/Banner-Principal-Memorias-2.png","datePublished":"2025-06-20T16:22:25+00:00","dateModified":"2026-01-20T03:16:21+00:00","breadcrumb":{"@id":"https:\/\/expowetrade.com\/fotos-2025\/#breadcrumb"},"inLanguage":"en-US","potentialAction":[{"@type":"ReadAction","target":["https:\/\/expowetrade.com\/fotos-2025\/"]}]},{"@type":"ImageObject","inLanguage":"en-US","@id":"https:\/\/expowetrade.com\/fotos-2025\/#primaryimage","url":"https:\/\/expowetrade.com\/wp-content\/uploads\/2026\/01\/Banner-Principal-Memorias-2.png","contentUrl":"https:\/\/expowetrade.com\/wp-content\/uploads\/2026\/01\/Banner-Principal-Memorias-2.png"},{"@type":"BreadcrumbList","@id":"https:\/\/expowetrade.com\/fotos-2025\/#breadcrumb","itemListElement":[{"@type":"ListItem","position":1,"name":"Portada","item":"https:\/\/expowetrade.com\/"},{"@type":"ListItem","position":2,"name":"Fotos 2025"}]},{"@type":"WebSite","@id":"https:\/\/www.expowetrade.com\/#website","url":"https:\/\/www.expowetrade.com\/","name":"weTrade 2026","description":"Feria de oportunidades y negocios diversos","publisher":{"@id":"https:\/\/www.expowetrade.com\/#organization"},"potentialAction":[{"@type":"SearchAction","target":{"@type":"EntryPoint","urlTemplate":"https:\/\/www.expowetrade.com\/?s={search_term_string}"},"query-input":{"@type":"PropertyValueSpecification","valueRequired":true,"valueName":"search_term_string"}}],"inLanguage":"en-US"},{"@type":"Organization","@id":"https:\/\/www.expowetrade.com\/#organization","name":"weTrade 2026","url":"https:\/\/www.expowetrade.com\/","logo":{"@type":"ImageObject","inLanguage":"en-US","@id":"https:\/\/www.expowetrade.com\/#\/schema\/logo\/image\/","url":"https:\/\/expowetrade.com\/wp-content\/uploads\/2022\/05\/minimowt_Mesa-de-trabajo-1.png","contentUrl":"https:\/\/expowetrade.com\/wp-content\/uploads\/2022\/05\/minimowt_Mesa-de-trabajo-1.png","width":38,"height":36,"caption":"weTrade 2026"},"image":{"@id":"https:\/\/www.expowetrade.com\/#\/schema\/logo\/image\/"}}]}},"_links":{"self":[{"href":"https:\/\/expowetrade.com\/en\/wp-json\/wp\/v2\/pages\/9601","targetHints":{"allow":["GET"]}}],"collection":[{"href":"https:\/\/expowetrade.com\/en\/wp-json\/wp\/v2\/pages"}],"about":[{"href":"https:\/\/expowetrade.com\/en\/wp-json\/wp\/v2\/types\/page"}],"author":[{"embeddable":true,"href":"https:\/\/expowetrade.com\/en\/wp-json\/wp\/v2\/users\/1"}],"replies":[{"embeddable":true,"href":"https:\/\/expowetrade.com\/en\/wp-json\/wp\/v2\/comments?post=9601"}],"version-history":[{"count":184,"href":"https:\/\/expowetrade.com\/en\/wp-json\/wp\/v2\/pages\/9601\/revisions"}],"predecessor-version":[{"id":11950,"href":"https:\/\/expowetrade.com\/en\/wp-json\/wp\/v2\/pages\/9601\/revisions\/11950"}],"wp:attachment":[{"href":"https:\/\/expowetrade.com\/en\/wp-json\/wp\/v2\/media?parent=9601"}],"curies":[{"name":"wp","href":"https:\/\/api.w.org\/{rel}","templated":true}]}}