{"id":7709,"date":"2025-05-24T00:16:52","date_gmt":"2025-05-24T00:16:52","guid":{"rendered":"https:\/\/expowetrade.com\/?page_id=7709"},"modified":"2025-06-18T16:03:35","modified_gmt":"2025-06-18T16:03:35","slug":"hotel-sofitel-wetrade2025","status":"publish","type":"page","link":"https:\/\/expowetrade.com\/en\/hotel-sofitel-wetrade2025\/","title":{"rendered":"Hotels Sofitel"},"content":{"rendered":"<div data-elementor-type=\"wp-page\" data-elementor-id=\"7709\" class=\"elementor elementor-7709\">\n\t\t\t\t<div class=\"elementor-element elementor-element-04124be e-flex e-con-boxed wpr-particle-no wpr-jarallax-no wpr-parallax-no wpr-sticky-section-no e-con e-parent\" data-id=\"04124be\" data-element_type=\"container\">\n\t\t\t\t\t<div class=\"e-con-inner\">\n\t\t\t\t<div class=\"elementor-element elementor-element-7a5f04de elementor-widget__width-initial elementor-invisible elementor-widget elementor-widget-heading\" data-id=\"7a5f04de\" data-element_type=\"widget\" data-settings=\"{&quot;_animation&quot;:&quot;fadeInLeft&quot;,&quot;_animation_widescreen&quot;:&quot;fadeInLeft&quot;}\" data-widget_type=\"heading.default\">\n\t\t\t\t<div class=\"elementor-widget-container\">\n\t\t\t\t\t<h2 class=\"elementor-heading-title elementor-size-default\">Preferential rates with WeTrade partners<\/h2>\t\t\t\t<\/div>\n\t\t\t\t<\/div>\n\t\t\t\t<div class=\"elementor-element elementor-element-34b6f6ff elementor-widget__width-initial elementor-invisible elementor-widget elementor-widget-heading\" data-id=\"34b6f6ff\" data-element_type=\"widget\" data-settings=\"{&quot;_animation&quot;:&quot;fadeInLeft&quot;,&quot;_animation_widescreen&quot;:&quot;fadeInRight&quot;}\" data-widget_type=\"heading.default\">\n\t\t\t\t<div class=\"elementor-widget-container\">\n\t\t\t\t\t<h2 class=\"elementor-heading-title elementor-size-default\">Hotel Sofitel Bogot\u00e1 Victoria Regia<\/h2>\t\t\t\t<\/div>\n\t\t\t\t<\/div>\n\t\t\t\t<div class=\"elementor-element elementor-element-a532856 elementor-widget elementor-widget-spacer\" data-id=\"a532856\" data-element_type=\"widget\" data-widget_type=\"spacer.default\">\n\t\t\t\t<div class=\"elementor-widget-container\">\n\t\t\t\t\t\t\t<div class=\"elementor-spacer\">\n\t\t\t<div class=\"elementor-spacer-inner\"><\/div>\n\t\t<\/div>\n\t\t\t\t\t\t<\/div>\n\t\t\t\t<\/div>\n\t\t\t\t\t<\/div>\n\t\t\t\t<\/div>\n\t\t<div class=\"elementor-element elementor-element-67fce08 e-flex e-con-boxed wpr-particle-no wpr-jarallax-no wpr-parallax-no wpr-sticky-section-no e-con e-parent\" data-id=\"67fce08\" data-element_type=\"container\">\n\t\t\t\t\t<div class=\"e-con-inner\">\n\t\t\t\t<div class=\"elementor-element elementor-element-a9b638c elementor-widget elementor-widget-image\" data-id=\"a9b638c\" data-element_type=\"widget\" data-widget_type=\"image.default\">\n\t\t\t\t<div class=\"elementor-widget-container\">\n\t\t\t\t\t\t\t\t\t\t\t\t\t\t\t<img fetchpriority=\"high\" decoding=\"async\" width=\"1024\" height=\"627\" src=\"https:\/\/expowetrade.com\/wp-content\/uploads\/2025\/06\/Logo-Sofitel-Hotels-Resorts-1-1024x627.webp\" class=\"attachment-large size-large wp-image-9127\" alt=\"\" srcset=\"https:\/\/expowetrade.com\/wp-content\/uploads\/2025\/06\/Logo-Sofitel-Hotels-Resorts-1-1024x627.webp 1024w, https:\/\/expowetrade.com\/wp-content\/uploads\/2025\/06\/Logo-Sofitel-Hotels-Resorts-1-300x184.webp 300w, https:\/\/expowetrade.com\/wp-content\/uploads\/2025\/06\/Logo-Sofitel-Hotels-Resorts-1-768x470.webp 768w, https:\/\/expowetrade.com\/wp-content\/uploads\/2025\/06\/Logo-Sofitel-Hotels-Resorts-1-1536x941.webp 1536w, https:\/\/expowetrade.com\/wp-content\/uploads\/2025\/06\/Logo-Sofitel-Hotels-Resorts-1-2048x1254.webp 2048w, https:\/\/expowetrade.com\/wp-content\/uploads\/2025\/06\/Logo-Sofitel-Hotels-Resorts-1-18x12.webp 18w\" sizes=\"(max-width: 1024px) 100vw, 1024px\" \/>\t\t\t\t\t\t\t\t\t\t\t\t\t\t\t<\/div>\n\t\t\t\t<\/div>\n\t\t\t\t<div class=\"elementor-element elementor-element-82770d2 elementor-widget elementor-widget-spacer\" data-id=\"82770d2\" data-element_type=\"widget\" data-widget_type=\"spacer.default\">\n\t\t\t\t<div class=\"elementor-widget-container\">\n\t\t\t\t\t\t\t<div class=\"elementor-spacer\">\n\t\t\t<div class=\"elementor-spacer-inner\"><\/div>\n\t\t<\/div>\n\t\t\t\t\t\t<\/div>\n\t\t\t\t<\/div>\n\t\t\t\t\t<\/div>\n\t\t\t\t<\/div>\n\t\t<div class=\"elementor-element elementor-element-ebc778e e-flex e-con-boxed wpr-particle-no wpr-jarallax-no wpr-parallax-no wpr-sticky-section-no e-con e-parent\" data-id=\"ebc778e\" data-element_type=\"container\">\n\t\t\t\t\t<div class=\"e-con-inner\">\n\t\t<div class=\"elementor-element elementor-element-fe484ee e-con-full e-flex wpr-particle-no wpr-jarallax-no wpr-parallax-no wpr-sticky-section-no e-con e-child\" data-id=\"fe484ee\" data-element_type=\"container\">\n\t\t\t\t<\/div>\n\t\t<div class=\"elementor-element elementor-element-f9d831d e-con-full e-flex wpr-particle-no wpr-jarallax-no wpr-parallax-no wpr-sticky-section-no e-con e-child\" data-id=\"f9d831d\" data-element_type=\"container\">\n\t\t\t\t<div class=\"elementor-element elementor-element-40ba439 eael-flipbox-img-radius eael-flipbox-content-align-center elementor-widget elementor-widget-eael-flip-box\" data-id=\"40ba439\" data-element_type=\"widget\" data-widget_type=\"eael-flip-box.default\">\n\t\t\t\t<div class=\"elementor-widget-container\">\n\t\t\t\t\t\n        <div class=\"eael-elements-flip-box-container eael-animate-flip eael-animate-left eael-content eael-flip-box-hover\">\n\n            <div class=\"eael-elements-flip-box-flip-card\">\n                <div class=\"eael-elements-flip-box-front-container\">\n\n                    \n                        <div class=\"eael-elements-slider-display-table\">\n                            <div class=\"eael-elements-flip-box-vertical-align\">\n                                <div class=\"eael-elements-flip-box-padding\">\n                                    <div class=\"eael-elements-flip-box-icon-image\">\n                                                                                    <img decoding=\"async\" class=\"eael-flipbox-image-as-icon\" src=\"\" alt=\"\">\n                                                                            <\/div>\n                                    <h2 class=\"eael-elements-flip-box-heading\">Hotel Sofitel Bogot\u00e1 Victoria Regia<\/h2>                                    <div class=\"eael-elements-flip-box-content\">\n\t                                                                        <\/div>\n                                <\/div>\n                            <\/div>\n                        <\/div>\n                                    <\/div>\n\n                <div class=\"eael-elements-flip-box-rear-container\">\n\n                                            <div class=\"eael-elements-slider-display-table\">\n                            <div class=\"eael-elements-flip-box-vertical-align\">\n                                <div class=\"eael-elements-flip-box-padding\">\n                                                                            <div class=\"eael-elements-flip-box-icon-image\">\n                                                                                            <\/div>\n                                                                                                            <div class=\"eael-elements-flip-box-content\">\n                                        <p>\u00a0<\/p><p><strong>Carrera 13 #85-80 &#8211; \u00a0Chapinero, Bogot\u00e1,<\/strong><\/p>                                    <\/div>\n\n                                                                            <a class=\"flipbox-button\" href=\"https:\/\/www.guestreservations.com\/es\/sofitel-bogota-victoria-regia\/booking?utm_source=google&#038;utm_medium=cpc&#038;utm_campaign=21828508204&#038;gad_source=1&#038;gad_campaignid=21828508204&#038;gbraid=0AAAAADiMQMb3W0YzWUcGbSeDPy8R2JFB4&#038;gclid=CjwKCAjwx8nCBhAwEiwA_z__0wiKdOeprs81MfVBFaNHrW9d36BnDHQX0HvYL8VdGbI7zzCktngmXhoCdrUQAvD_BwE\">\n                                                                                        Hotel Sofitel Bogot\u00e1 Victoria Regia                                                                                            <\/a>\n                                                                    <\/div>\n                            <\/div>\n                        <\/div>\n                                    <\/div>\n            <\/div>\n        <\/div>\n\n        <script>\n            jQuery(document).ready(function( $ ) {\n                $(\".eael-flip-box-click\").off('click').on( 'click', function( event ) {\n                    $(this).toggleClass( '--active' );\n                });\n            });\n        <\/script>\n\n\t\t\t\t<\/div>\n\t\t\t\t<\/div>\n\t\t\t\t<\/div>\n\t\t<div class=\"elementor-element elementor-element-c4f1a4e e-con-full e-flex wpr-particle-no wpr-jarallax-no wpr-parallax-no wpr-sticky-section-no e-con e-child\" data-id=\"c4f1a4e\" data-element_type=\"container\">\n\t\t\t\t<\/div>\n\t\t\t\t\t<\/div>\n\t\t\t\t<\/div>\n\t\t<div class=\"elementor-element elementor-element-81f4de4 e-flex e-con-boxed wpr-particle-no wpr-jarallax-no wpr-parallax-no wpr-sticky-section-no e-con e-parent\" data-id=\"81f4de4\" data-element_type=\"container\">\n\t\t\t\t\t<div class=\"e-con-inner\">\n\t\t\t\t<div class=\"elementor-element elementor-element-30dfb25 elementor-widget elementor-widget-spacer\" data-id=\"30dfb25\" data-element_type=\"widget\" data-widget_type=\"spacer.default\">\n\t\t\t\t<div class=\"elementor-widget-container\">\n\t\t\t\t\t\t\t<div class=\"elementor-spacer\">\n\t\t\t<div class=\"elementor-spacer-inner\"><\/div>\n\t\t<\/div>\n\t\t\t\t\t\t<\/div>\n\t\t\t\t<\/div>\n\t\t\t\t\t<\/div>\n\t\t\t\t<\/div>\n\t\t<div class=\"elementor-element elementor-element-eb8136c e-flex e-con-boxed wpr-particle-no wpr-jarallax-no wpr-parallax-no wpr-sticky-section-no e-con e-parent\" data-id=\"eb8136c\" data-element_type=\"container\" data-settings=\"{&quot;background_background&quot;:&quot;classic&quot;}\">\n\t\t\t\t\t<div class=\"e-con-inner\">\n\t\t\t\t<div class=\"elementor-element elementor-element-60849d82 elementor-widget elementor-widget-heading\" data-id=\"60849d82\" data-element_type=\"widget\" data-widget_type=\"heading.default\">\n\t\t\t\t<div class=\"elementor-widget-container\">\n\t\t\t\t\t<p class=\"elementor-heading-title elementor-size-default\">Contact us<\/p>\t\t\t\t<\/div>\n\t\t\t\t<\/div>\n\t\t\t\t<div class=\"elementor-element elementor-element-2a59724 elementor-widget elementor-widget-text-editor\" data-id=\"2a59724\" data-element_type=\"widget\" data-widget_type=\"text-editor.default\">\n\t\t\t\t<div class=\"elementor-widget-container\">\n\t\t\t\t\t\t\t\t\tEmail: director@camaradeladiversidad.com<br>\nCell: +57 3014935100\t\t\t\t\t\t\t\t<\/div>\n\t\t\t\t<\/div>\n\t\t<div class=\"elementor-element elementor-element-41774d3d e-con-full e-flex wpr-particle-no wpr-jarallax-no wpr-parallax-no wpr-sticky-section-no e-con e-child\" data-id=\"41774d3d\" data-element_type=\"container\">\n\t\t\t\t<div class=\"elementor-element elementor-element-60128549 elementor-widget elementor-widget-image\" data-id=\"60128549\" data-element_type=\"widget\" data-widget_type=\"image.default\">\n\t\t\t\t<div class=\"elementor-widget-container\">\n\t\t\t\t\t\t\t\t\t\t\t\t\t\t\t<img decoding=\"async\" width=\"178\" height=\"164\" src=\"https:\/\/expowetrade.com\/wp-content\/uploads\/2023\/07\/Footer-Logo-weTrade.png\" class=\"attachment-full size-full wp-image-5873\" alt=\"\" \/>\t\t\t\t\t\t\t\t\t\t\t\t\t\t\t<\/div>\n\t\t\t\t<\/div>\n\t\t\t\t<div class=\"elementor-element elementor-element-18fb320 elementor-widget elementor-widget-image\" data-id=\"18fb320\" data-element_type=\"widget\" data-widget_type=\"image.default\">\n\t\t\t\t<div class=\"elementor-widget-container\">\n\t\t\t\t\t\t\t\t\t\t\t\t\t\t\t<img decoding=\"async\" width=\"300\" height=\"113\" src=\"https:\/\/expowetrade.com\/wp-content\/uploads\/2023\/07\/Footer-Logo-Camara.png\" class=\"attachment-large size-large wp-image-5872\" alt=\"\" \/>\t\t\t\t\t\t\t\t\t\t\t\t\t\t\t<\/div>\n\t\t\t\t<\/div>\n\t\t\t\t<\/div>\n\t\t\t\t\t<\/div>\n\t\t\t\t<\/div>\n\t\t\t\t<\/div>","protected":false},"excerpt":{"rendered":"<p>Tarifas preferenciales con aliados WeTrade Hotel Sofitel Bogot\u00e1 Victoria Regia Hotel Sofitel Bogot\u00e1 Victoria Regia \u00a0 Carrera 13 #85-80 &#8211; \u00a0Chapinero, Bogot\u00e1, Hotel Sofitel Bogot\u00e1 Victoria Regia Cont\u00e1ctanos Email: director@camaradeladiversidad.com Cel: +57 3014935100<\/p>","protected":false},"author":1,"featured_media":0,"parent":0,"menu_order":0,"comment_status":"closed","ping_status":"closed","template":"","meta":{"site-sidebar-layout":"no-sidebar","site-content-layout":"page-builder","ast-global-header-display":"","ast-banner-title-visibility":"","ast-main-header-display":"","ast-hfb-above-header-display":"","ast-hfb-below-header-display":"","ast-hfb-mobile-header-display":"","site-post-title":"disabled","ast-breadcrumbs-content":"","ast-featured-img":"disabled","footer-sml-layout":"","theme-transparent-header-meta":"default","adv-header-id-meta":"","stick-header-meta":"","header-above-stick-meta":"","header-main-stick-meta":"","header-below-stick-meta":"","_daextrevo_audio_file_creation_date":"","_daextrevo_text_to_speech":"","_daextrevo_document_type":"","footnotes":""},"class_list":["post-7709","page","type-page","status-publish","hentry"],"yoast_head":"<!-- This site is optimized with the Yoast SEO plugin v24.8.1 - https:\/\/yoast.com\/wordpress\/plugins\/seo\/ -->\n<title>Hotel Sofitel - weTrade 2026<\/title>\n<meta name=\"robots\" content=\"index, follow, max-snippet:-1, max-image-preview:large, max-video-preview:-1\" \/>\n<link rel=\"canonical\" href=\"https:\/\/expowetrade.com\/en\/hotel-sofitel-wetrade2025\/\" \/>\n<meta property=\"og:locale\" content=\"en_US\" \/>\n<meta property=\"og:type\" content=\"article\" \/>\n<meta property=\"og:title\" content=\"Hotel Sofitel - weTrade 2026\" \/>\n<meta property=\"og:description\" content=\"Tarifas preferenciales con aliados WeTrade Hotel Sofitel Bogot\u00e1 Victoria Regia Hotel Sofitel Bogot\u00e1 Victoria Regia \u00a0 Carrera 13 #85-80 &#8211; \u00a0Chapinero, Bogot\u00e1, Hotel Sofitel Bogot\u00e1 Victoria Regia Cont\u00e1ctanos Email: director@camaradeladiversidad.com Cel: +57 3014935100\" \/>\n<meta property=\"og:url\" content=\"https:\/\/expowetrade.com\/en\/hotel-sofitel-wetrade2025\/\" \/>\n<meta property=\"og:site_name\" content=\"weTrade 2026\" \/>\n<meta property=\"article:modified_time\" content=\"2025-06-18T16:03:35+00:00\" \/>\n<meta property=\"og:image\" content=\"https:\/\/expowetrade.com\/wp-content\/uploads\/2025\/06\/Logo-Sofitel-Hotels-Resorts-1.webp\" \/>\n\t<meta property=\"og:image:width\" content=\"2560\" \/>\n\t<meta property=\"og:image:height\" content=\"1568\" \/>\n\t<meta property=\"og:image:type\" content=\"image\/webp\" \/>\n<meta name=\"twitter:card\" content=\"summary_large_image\" \/>\n<meta name=\"twitter:label1\" content=\"Est. reading time\" \/>\n\t<meta name=\"twitter:data1\" content=\"1 minute\" \/>\n<script type=\"application\/ld+json\" class=\"yoast-schema-graph\">{\"@context\":\"https:\/\/schema.org\",\"@graph\":[{\"@type\":\"WebPage\",\"@id\":\"https:\/\/expowetrade.com\/hotel-sofitel-wetrade2025\/\",\"url\":\"https:\/\/expowetrade.com\/hotel-sofitel-wetrade2025\/\",\"name\":\"Hotel Sofitel - weTrade 2026\",\"isPartOf\":{\"@id\":\"https:\/\/www.expowetrade.com\/#website\"},\"primaryImageOfPage\":{\"@id\":\"https:\/\/expowetrade.com\/hotel-sofitel-wetrade2025\/#primaryimage\"},\"image\":{\"@id\":\"https:\/\/expowetrade.com\/hotel-sofitel-wetrade2025\/#primaryimage\"},\"thumbnailUrl\":\"https:\/\/expowetrade.com\/wp-content\/uploads\/2025\/06\/Logo-Sofitel-Hotels-Resorts-1-1024x627.webp\",\"datePublished\":\"2025-05-24T00:16:52+00:00\",\"dateModified\":\"2025-06-18T16:03:35+00:00\",\"breadcrumb\":{\"@id\":\"https:\/\/expowetrade.com\/hotel-sofitel-wetrade2025\/#breadcrumb\"},\"inLanguage\":\"en-US\",\"potentialAction\":[{\"@type\":\"ReadAction\",\"target\":[\"https:\/\/expowetrade.com\/hotel-sofitel-wetrade2025\/\"]}]},{\"@type\":\"ImageObject\",\"inLanguage\":\"en-US\",\"@id\":\"https:\/\/expowetrade.com\/hotel-sofitel-wetrade2025\/#primaryimage\",\"url\":\"https:\/\/expowetrade.com\/wp-content\/uploads\/2025\/06\/Logo-Sofitel-Hotels-Resorts-1-1024x627.webp\",\"contentUrl\":\"https:\/\/expowetrade.com\/wp-content\/uploads\/2025\/06\/Logo-Sofitel-Hotels-Resorts-1-1024x627.webp\"},{\"@type\":\"BreadcrumbList\",\"@id\":\"https:\/\/expowetrade.com\/hotel-sofitel-wetrade2025\/#breadcrumb\",\"itemListElement\":[{\"@type\":\"ListItem\",\"position\":1,\"name\":\"Portada\",\"item\":\"https:\/\/expowetrade.com\/\"},{\"@type\":\"ListItem\",\"position\":2,\"name\":\"Hotel Sofitel\"}]},{\"@type\":\"WebSite\",\"@id\":\"https:\/\/www.expowetrade.com\/#website\",\"url\":\"https:\/\/www.expowetrade.com\/\",\"name\":\"weTrade 2026\",\"description\":\"Feria de oportunidades y negocios diversos\",\"publisher\":{\"@id\":\"https:\/\/www.expowetrade.com\/#organization\"},\"potentialAction\":[{\"@type\":\"SearchAction\",\"target\":{\"@type\":\"EntryPoint\",\"urlTemplate\":\"https:\/\/www.expowetrade.com\/?s={search_term_string}\"},\"query-input\":{\"@type\":\"PropertyValueSpecification\",\"valueRequired\":true,\"valueName\":\"search_term_string\"}}],\"inLanguage\":\"en-US\"},{\"@type\":\"Organization\",\"@id\":\"https:\/\/www.expowetrade.com\/#organization\",\"name\":\"weTrade 2026\",\"url\":\"https:\/\/www.expowetrade.com\/\",\"logo\":{\"@type\":\"ImageObject\",\"inLanguage\":\"en-US\",\"@id\":\"https:\/\/www.expowetrade.com\/#\/schema\/logo\/image\/\",\"url\":\"https:\/\/expowetrade.com\/wp-content\/uploads\/2022\/05\/minimowt_Mesa-de-trabajo-1.png\",\"contentUrl\":\"https:\/\/expowetrade.com\/wp-content\/uploads\/2022\/05\/minimowt_Mesa-de-trabajo-1.png\",\"width\":38,\"height\":36,\"caption\":\"weTrade 2026\"},\"image\":{\"@id\":\"https:\/\/www.expowetrade.com\/#\/schema\/logo\/image\/\"}}]}<\/script>\n<!-- \/ Yoast SEO plugin. -->","yoast_head_json":{"title":"Hotel Sofitel - weTrade 2026","robots":{"index":"index","follow":"follow","max-snippet":"max-snippet:-1","max-image-preview":"max-image-preview:large","max-video-preview":"max-video-preview:-1"},"canonical":"https:\/\/expowetrade.com\/en\/hotel-sofitel-wetrade2025\/","og_locale":"en_US","og_type":"article","og_title":"Hotel Sofitel - weTrade 2026","og_description":"Tarifas preferenciales con aliados WeTrade Hotel Sofitel Bogot\u00e1 Victoria Regia Hotel Sofitel Bogot\u00e1 Victoria Regia \u00a0 Carrera 13 #85-80 &#8211; \u00a0Chapinero, Bogot\u00e1, Hotel Sofitel Bogot\u00e1 Victoria Regia Cont\u00e1ctanos Email: director@camaradeladiversidad.com Cel: +57 3014935100","og_url":"https:\/\/expowetrade.com\/en\/hotel-sofitel-wetrade2025\/","og_site_name":"weTrade 2026","article_modified_time":"2025-06-18T16:03:35+00:00","og_image":[{"width":2560,"height":1568,"url":"https:\/\/expowetrade.com\/wp-content\/uploads\/2025\/06\/Logo-Sofitel-Hotels-Resorts-1.webp","type":"image\/webp"}],"twitter_card":"summary_large_image","twitter_misc":{"Est. reading time":"1 minute"},"schema":{"@context":"https:\/\/schema.org","@graph":[{"@type":"WebPage","@id":"https:\/\/expowetrade.com\/hotel-sofitel-wetrade2025\/","url":"https:\/\/expowetrade.com\/hotel-sofitel-wetrade2025\/","name":"Hotel Sofitel - weTrade 2026","isPartOf":{"@id":"https:\/\/www.expowetrade.com\/#website"},"primaryImageOfPage":{"@id":"https:\/\/expowetrade.com\/hotel-sofitel-wetrade2025\/#primaryimage"},"image":{"@id":"https:\/\/expowetrade.com\/hotel-sofitel-wetrade2025\/#primaryimage"},"thumbnailUrl":"https:\/\/expowetrade.com\/wp-content\/uploads\/2025\/06\/Logo-Sofitel-Hotels-Resorts-1-1024x627.webp","datePublished":"2025-05-24T00:16:52+00:00","dateModified":"2025-06-18T16:03:35+00:00","breadcrumb":{"@id":"https:\/\/expowetrade.com\/hotel-sofitel-wetrade2025\/#breadcrumb"},"inLanguage":"en-US","potentialAction":[{"@type":"ReadAction","target":["https:\/\/expowetrade.com\/hotel-sofitel-wetrade2025\/"]}]},{"@type":"ImageObject","inLanguage":"en-US","@id":"https:\/\/expowetrade.com\/hotel-sofitel-wetrade2025\/#primaryimage","url":"https:\/\/expowetrade.com\/wp-content\/uploads\/2025\/06\/Logo-Sofitel-Hotels-Resorts-1-1024x627.webp","contentUrl":"https:\/\/expowetrade.com\/wp-content\/uploads\/2025\/06\/Logo-Sofitel-Hotels-Resorts-1-1024x627.webp"},{"@type":"BreadcrumbList","@id":"https:\/\/expowetrade.com\/hotel-sofitel-wetrade2025\/#breadcrumb","itemListElement":[{"@type":"ListItem","position":1,"name":"Portada","item":"https:\/\/expowetrade.com\/"},{"@type":"ListItem","position":2,"name":"Hotel Sofitel"}]},{"@type":"WebSite","@id":"https:\/\/www.expowetrade.com\/#website","url":"https:\/\/www.expowetrade.com\/","name":"weTrade 2026","description":"Feria de oportunidades y negocios diversos","publisher":{"@id":"https:\/\/www.expowetrade.com\/#organization"},"potentialAction":[{"@type":"SearchAction","target":{"@type":"EntryPoint","urlTemplate":"https:\/\/www.expowetrade.com\/?s={search_term_string}"},"query-input":{"@type":"PropertyValueSpecification","valueRequired":true,"valueName":"search_term_string"}}],"inLanguage":"en-US"},{"@type":"Organization","@id":"https:\/\/www.expowetrade.com\/#organization","name":"weTrade 2026","url":"https:\/\/www.expowetrade.com\/","logo":{"@type":"ImageObject","inLanguage":"en-US","@id":"https:\/\/www.expowetrade.com\/#\/schema\/logo\/image\/","url":"https:\/\/expowetrade.com\/wp-content\/uploads\/2022\/05\/minimowt_Mesa-de-trabajo-1.png","contentUrl":"https:\/\/expowetrade.com\/wp-content\/uploads\/2022\/05\/minimowt_Mesa-de-trabajo-1.png","width":38,"height":36,"caption":"weTrade 2026"},"image":{"@id":"https:\/\/www.expowetrade.com\/#\/schema\/logo\/image\/"}}]}},"_links":{"self":[{"href":"https:\/\/expowetrade.com\/en\/wp-json\/wp\/v2\/pages\/7709","targetHints":{"allow":["GET"]}}],"collection":[{"href":"https:\/\/expowetrade.com\/en\/wp-json\/wp\/v2\/pages"}],"about":[{"href":"https:\/\/expowetrade.com\/en\/wp-json\/wp\/v2\/types\/page"}],"author":[{"embeddable":true,"href":"https:\/\/expowetrade.com\/en\/wp-json\/wp\/v2\/users\/1"}],"replies":[{"embeddable":true,"href":"https:\/\/expowetrade.com\/en\/wp-json\/wp\/v2\/comments?post=7709"}],"version-history":[{"count":35,"href":"https:\/\/expowetrade.com\/en\/wp-json\/wp\/v2\/pages\/7709\/revisions"}],"predecessor-version":[{"id":9352,"href":"https:\/\/expowetrade.com\/en\/wp-json\/wp\/v2\/pages\/7709\/revisions\/9352"}],"wp:attachment":[{"href":"https:\/\/expowetrade.com\/en\/wp-json\/wp\/v2\/media?parent=7709"}],"curies":[{"name":"wp","href":"https:\/\/api.w.org\/{rel}","templated":true}]}}