{"id":11024,"date":"2025-07-18T15:26:03","date_gmt":"2025-07-18T15:26:03","guid":{"rendered":"https:\/\/expowetrade.com\/?page_id=11024"},"modified":"2025-07-18T15:52:29","modified_gmt":"2025-07-18T15:52:29","slug":"videos-wetrade-2025-dia-1","status":"publish","type":"page","link":"https:\/\/expowetrade.com\/en\/videos-wetrade-2025-dia-1\/","title":{"rendered":"Videos WeTrade 2025 &#8211; D\u00eda 1"},"content":{"rendered":"<div data-elementor-type=\"wp-page\" data-elementor-id=\"11024\" class=\"elementor elementor-11024\">\n\t\t\t\t<div class=\"elementor-element elementor-element-0903a21 e-flex e-con-boxed wpr-particle-no wpr-jarallax-no wpr-parallax-no wpr-sticky-section-no e-con e-parent\" data-id=\"0903a21\" data-element_type=\"container\">\n\t\t\t\t\t<div class=\"e-con-inner\">\n\t\t\t\t<div class=\"elementor-element elementor-element-f1082b9 elementor-widget elementor-widget-heading\" data-id=\"f1082b9\" data-element_type=\"widget\" data-widget_type=\"heading.default\">\n\t\t\t\t<div class=\"elementor-widget-container\">\n\t\t\t\t\t<h2 class=\"elementor-heading-title elementor-size-default\">Memor\u00edas  weTrade 2025 - D\u00eda 1<\/h2>\t\t\t\t<\/div>\n\t\t\t\t<\/div>\n\t\t\t\t<div class=\"elementor-element elementor-element-3832da0 elementor-absolute elementor-widget-laptop__width-initial elementor-invisible elementor-widget elementor-widget-image\" data-id=\"3832da0\" data-element_type=\"widget\" data-settings=\"{&quot;_position&quot;:&quot;absolute&quot;,&quot;motion_fx_motion_fx_scrolling&quot;:&quot;yes&quot;,&quot;motion_fx_translateY_effect&quot;:&quot;yes&quot;,&quot;motion_fx_blur_effect&quot;:&quot;yes&quot;,&quot;motion_fx_blur_level&quot;:{&quot;unit&quot;:&quot;px&quot;,&quot;size&quot;:11,&quot;sizes&quot;:[]},&quot;motion_fx_rotateZ_effect&quot;:&quot;yes&quot;,&quot;_animation&quot;:&quot;fadeIn&quot;,&quot;_animation_widescreen&quot;:&quot;fadeIn&quot;,&quot;motion_fx_translateY_speed&quot;:{&quot;unit&quot;:&quot;px&quot;,&quot;size&quot;:3.2,&quot;sizes&quot;:[]},&quot;motion_fx_devices&quot;:[&quot;widescreen&quot;,&quot;desktop&quot;,&quot;laptop&quot;,&quot;tablet_extra&quot;],&quot;motion_fx_translateY_affectedRange&quot;:{&quot;unit&quot;:&quot;%&quot;,&quot;size&quot;:&quot;&quot;,&quot;sizes&quot;:{&quot;start&quot;:0,&quot;end&quot;:100}},&quot;motion_fx_blur_direction&quot;:&quot;out-in&quot;,&quot;motion_fx_blur_range&quot;:{&quot;unit&quot;:&quot;%&quot;,&quot;size&quot;:&quot;&quot;,&quot;sizes&quot;:{&quot;start&quot;:20,&quot;end&quot;:80}},&quot;motion_fx_rotateZ_speed&quot;:{&quot;unit&quot;:&quot;px&quot;,&quot;size&quot;:1,&quot;sizes&quot;:[]},&quot;motion_fx_rotateZ_affectedRange&quot;:{&quot;unit&quot;:&quot;%&quot;,&quot;size&quot;:&quot;&quot;,&quot;sizes&quot;:{&quot;start&quot;:0,&quot;end&quot;:100}}}\" data-widget_type=\"image.default\">\n\t\t\t\t<div class=\"elementor-widget-container\">\n\t\t\t\t\t\t\t\t\t\t\t\t\t\t\t<img decoding=\"async\" width=\"218\" height=\"225\" src=\"https:\/\/expowetrade.com\/wp-content\/uploads\/2025\/04\/Burbuja-verde-2.webp\" class=\"attachment-full size-full wp-image-6455\" alt=\"\" \/>\t\t\t\t\t\t\t\t\t\t\t\t\t\t\t<\/div>\n\t\t\t\t<\/div>\n\t\t\t\t\t<\/div>\n\t\t\t\t<\/div>\n\t\t<div class=\"elementor-element elementor-element-871bc77 e-flex e-con-boxed wpr-particle-no wpr-jarallax-no wpr-parallax-no wpr-sticky-section-no e-con e-parent\" data-id=\"871bc77\" data-element_type=\"container\">\n\t\t\t\t\t<div class=\"e-con-inner\">\n\t\t<div class=\"elementor-element elementor-element-86a98f8 e-con-full e-flex wpr-particle-no wpr-jarallax-no wpr-parallax-no wpr-sticky-section-no e-con e-child\" data-id=\"86a98f8\" data-element_type=\"container\">\n\t\t\t\t<div class=\"elementor-element elementor-element-ed87cd2 elementor-widget elementor-widget-text-editor\" data-id=\"ed87cd2\" data-element_type=\"widget\" data-widget_type=\"text-editor.default\">\n\t\t\t\t<div class=\"elementor-widget-container\">\n\t\t\t\t\t\t\t\t\t<p>Ceremonia de apertura<\/p>\t\t\t\t\t\t\t\t<\/div>\n\t\t\t\t<\/div>\n\t\t\t\t<div class=\"elementor-element elementor-element-de0e636 elementor-widget elementor-widget-video\" data-id=\"de0e636\" data-element_type=\"widget\" data-settings=\"{&quot;youtube_url&quot;:&quot;https:\\\/\\\/youtu.be\\\/5IUljGhxlMc?feature=shared&quot;,&quot;video_type&quot;:&quot;youtube&quot;,&quot;controls&quot;:&quot;yes&quot;}\" data-widget_type=\"video.default\">\n\t\t\t\t<div class=\"elementor-widget-container\">\n\t\t\t\t\t\t\t<div class=\"elementor-wrapper elementor-open-inline\">\n\t\t\t<div class=\"elementor-video\"><\/div>\t\t<\/div>\n\t\t\t\t\t\t<\/div>\n\t\t\t\t<\/div>\n\t\t\t\t<\/div>\n\t\t<div class=\"elementor-element elementor-element-7bcb0bf e-con-full e-flex wpr-particle-no wpr-jarallax-no wpr-parallax-no wpr-sticky-section-no e-con e-child\" data-id=\"7bcb0bf\" data-element_type=\"container\">\n\t\t\t\t<div class=\"elementor-element elementor-element-fcb43d3 elementor-widget elementor-widget-text-editor\" data-id=\"fcb43d3\" data-element_type=\"widget\" data-widget_type=\"text-editor.default\">\n\t\t\t\t<div class=\"elementor-widget-container\">\n\t\t\t\t\t\t\t\t\t<p>Foro El Poder de la Diversidad<\/p>\t\t\t\t\t\t\t\t<\/div>\n\t\t\t\t<\/div>\n\t\t\t\t<div class=\"elementor-element elementor-element-9bb0638 elementor-widget elementor-widget-video\" data-id=\"9bb0638\" data-element_type=\"widget\" data-settings=\"{&quot;youtube_url&quot;:&quot;https:\\\/\\\/youtu.be\\\/8YPWPG9Avt8?feature=shared&quot;,&quot;video_type&quot;:&quot;youtube&quot;,&quot;controls&quot;:&quot;yes&quot;}\" data-widget_type=\"video.default\">\n\t\t\t\t<div class=\"elementor-widget-container\">\n\t\t\t\t\t\t\t<div class=\"elementor-wrapper elementor-open-inline\">\n\t\t\t<div class=\"elementor-video\"><\/div>\t\t<\/div>\n\t\t\t\t\t\t<\/div>\n\t\t\t\t<\/div>\n\t\t\t\t<\/div>\n\t\t\t\t\t<\/div>\n\t\t\t\t<\/div>\n\t\t<div class=\"elementor-element elementor-element-4521d9d e-flex e-con-boxed wpr-particle-no wpr-jarallax-no wpr-parallax-no wpr-sticky-section-no e-con e-parent\" data-id=\"4521d9d\" data-element_type=\"container\">\n\t\t\t\t\t<div class=\"e-con-inner\">\n\t\t<div class=\"elementor-element elementor-element-c4eb619 e-con-full e-flex wpr-particle-no wpr-jarallax-no wpr-parallax-no wpr-sticky-section-no e-con e-child\" data-id=\"c4eb619\" data-element_type=\"container\">\n\t\t\t\t<div class=\"elementor-element elementor-element-6c0135b elementor-widget elementor-widget-text-editor\" data-id=\"6c0135b\" data-element_type=\"widget\" data-widget_type=\"text-editor.default\">\n\t\t\t\t<div class=\"elementor-widget-container\">\n\t\t\t\t\t\t\t\t\t<p>C\u00e1psula Ecopetrol<\/p>\t\t\t\t\t\t\t\t<\/div>\n\t\t\t\t<\/div>\n\t\t\t\t<div class=\"elementor-element elementor-element-bb2f7ca elementor-widget elementor-widget-video\" data-id=\"bb2f7ca\" data-element_type=\"widget\" data-settings=\"{&quot;youtube_url&quot;:&quot;https:\\\/\\\/youtu.be\\\/86LAvoMbaoM?feature=shared&quot;,&quot;video_type&quot;:&quot;youtube&quot;,&quot;controls&quot;:&quot;yes&quot;}\" data-widget_type=\"video.default\">\n\t\t\t\t<div class=\"elementor-widget-container\">\n\t\t\t\t\t\t\t<div class=\"elementor-wrapper elementor-open-inline\">\n\t\t\t<div class=\"elementor-video\"><\/div>\t\t<\/div>\n\t\t\t\t\t\t<\/div>\n\t\t\t\t<\/div>\n\t\t\t\t<\/div>\n\t\t<div class=\"elementor-element elementor-element-dd22195 e-con-full e-flex wpr-particle-no wpr-jarallax-no wpr-parallax-no wpr-sticky-section-no e-con e-child\" data-id=\"dd22195\" data-element_type=\"container\">\n\t\t\t\t<div class=\"elementor-element elementor-element-2f4d978 elementor-widget elementor-widget-text-editor\" data-id=\"2f4d978\" data-element_type=\"widget\" data-widget_type=\"text-editor.default\">\n\t\t\t\t<div class=\"elementor-widget-container\">\n\t\t\t\t\t\t\t\t\t<p>Entrega de Membres\u00eda Ecopetrol<\/p>\t\t\t\t\t\t\t\t<\/div>\n\t\t\t\t<\/div>\n\t\t\t\t<div class=\"elementor-element elementor-element-0300d9b elementor-widget elementor-widget-video\" data-id=\"0300d9b\" data-element_type=\"widget\" data-settings=\"{&quot;youtube_url&quot;:&quot;https:\\\/\\\/youtu.be\\\/w5g34BRGPs0?feature=shared&quot;,&quot;video_type&quot;:&quot;youtube&quot;,&quot;controls&quot;:&quot;yes&quot;}\" data-widget_type=\"video.default\">\n\t\t\t\t<div class=\"elementor-widget-container\">\n\t\t\t\t\t\t\t<div class=\"elementor-wrapper elementor-open-inline\">\n\t\t\t<div class=\"elementor-video\"><\/div>\t\t<\/div>\n\t\t\t\t\t\t<\/div>\n\t\t\t\t<\/div>\n\t\t\t\t<\/div>\n\t\t\t\t\t<\/div>\n\t\t\t\t<\/div>\n\t\t<div class=\"elementor-element elementor-element-f492c8b e-flex e-con-boxed wpr-particle-no wpr-jarallax-no wpr-parallax-no wpr-sticky-section-no e-con e-parent\" data-id=\"f492c8b\" data-element_type=\"container\">\n\t\t\t\t\t<div class=\"e-con-inner\">\n\t\t<div class=\"elementor-element elementor-element-cc9f2af e-con-full e-flex wpr-particle-no wpr-jarallax-no wpr-parallax-no wpr-sticky-section-no e-con e-child\" data-id=\"cc9f2af\" data-element_type=\"container\">\n\t\t\t\t<div class=\"elementor-element elementor-element-fb89558 elementor-widget elementor-widget-text-editor\" data-id=\"fb89558\" data-element_type=\"widget\" data-widget_type=\"text-editor.default\">\n\t\t\t\t<div class=\"elementor-widget-container\">\n\t\t\t\t\t\t\t\t\t<p>C\u00e1psula Compensar<\/p>\t\t\t\t\t\t\t\t<\/div>\n\t\t\t\t<\/div>\n\t\t\t\t<div class=\"elementor-element elementor-element-56e1eec elementor-widget elementor-widget-video\" data-id=\"56e1eec\" data-element_type=\"widget\" data-settings=\"{&quot;youtube_url&quot;:&quot;https:\\\/\\\/youtu.be\\\/zQpeZRySBwo?feature=shared&quot;,&quot;video_type&quot;:&quot;youtube&quot;,&quot;controls&quot;:&quot;yes&quot;}\" data-widget_type=\"video.default\">\n\t\t\t\t<div class=\"elementor-widget-container\">\n\t\t\t\t\t\t\t<div class=\"elementor-wrapper elementor-open-inline\">\n\t\t\t<div class=\"elementor-video\"><\/div>\t\t<\/div>\n\t\t\t\t\t\t<\/div>\n\t\t\t\t<\/div>\n\t\t\t\t<\/div>\n\t\t<div class=\"elementor-element elementor-element-ecaa888 e-con-full e-flex wpr-particle-no wpr-jarallax-no wpr-parallax-no wpr-sticky-section-no e-con e-child\" data-id=\"ecaa888\" data-element_type=\"container\">\n\t\t\t\t<div class=\"elementor-element elementor-element-f2f4d29 elementor-widget elementor-widget-text-editor\" data-id=\"f2f4d29\" data-element_type=\"widget\" data-widget_type=\"text-editor.default\">\n\t\t\t\t<div class=\"elementor-widget-container\">\n\t\t\t\t\t\t\t\t\t<p>Entrega de Membres\u00eda Bancamia<\/p>\t\t\t\t\t\t\t\t<\/div>\n\t\t\t\t<\/div>\n\t\t\t\t<div class=\"elementor-element elementor-element-ceedc3a elementor-widget elementor-widget-video\" data-id=\"ceedc3a\" data-element_type=\"widget\" data-settings=\"{&quot;youtube_url&quot;:&quot;https:\\\/\\\/youtu.be\\\/t2Z1WHj0RKU?feature=shared&quot;,&quot;video_type&quot;:&quot;youtube&quot;,&quot;controls&quot;:&quot;yes&quot;}\" data-widget_type=\"video.default\">\n\t\t\t\t<div class=\"elementor-widget-container\">\n\t\t\t\t\t\t\t<div class=\"elementor-wrapper elementor-open-inline\">\n\t\t\t<div class=\"elementor-video\"><\/div>\t\t<\/div>\n\t\t\t\t\t\t<\/div>\n\t\t\t\t<\/div>\n\t\t\t\t<\/div>\n\t\t\t\t\t<\/div>\n\t\t\t\t<\/div>\n\t\t<div class=\"elementor-element elementor-element-e77243f e-flex e-con-boxed wpr-particle-no wpr-jarallax-no wpr-parallax-no wpr-sticky-section-no e-con e-parent\" data-id=\"e77243f\" data-element_type=\"container\">\n\t\t\t\t\t<div class=\"e-con-inner\">\n\t\t<div class=\"elementor-element elementor-element-2d6ce83 e-con-full e-flex wpr-particle-no wpr-jarallax-no wpr-parallax-no wpr-sticky-section-no e-con e-child\" data-id=\"2d6ce83\" data-element_type=\"container\">\n\t\t\t\t<div class=\"elementor-element elementor-element-e668dc5 elementor-widget elementor-widget-text-editor\" data-id=\"e668dc5\" data-element_type=\"widget\" data-widget_type=\"text-editor.default\">\n\t\t\t\t<div class=\"elementor-widget-container\">\n\t\t\t\t\t\t\t\t\t<p>El impacto de pol\u00edticas p\u00fablicas que promuevan la econom\u00eda diversa<\/p>\t\t\t\t\t\t\t\t<\/div>\n\t\t\t\t<\/div>\n\t\t\t\t<div class=\"elementor-element elementor-element-8b41568 elementor-widget elementor-widget-video\" data-id=\"8b41568\" data-element_type=\"widget\" data-settings=\"{&quot;youtube_url&quot;:&quot;https:\\\/\\\/youtu.be\\\/LRItRLHXXf8?feature=shared&quot;,&quot;video_type&quot;:&quot;youtube&quot;,&quot;controls&quot;:&quot;yes&quot;}\" data-widget_type=\"video.default\">\n\t\t\t\t<div class=\"elementor-widget-container\">\n\t\t\t\t\t\t\t<div class=\"elementor-wrapper elementor-open-inline\">\n\t\t\t<div class=\"elementor-video\"><\/div>\t\t<\/div>\n\t\t\t\t\t\t<\/div>\n\t\t\t\t<\/div>\n\t\t\t\t<\/div>\n\t\t<div class=\"elementor-element elementor-element-1bc9d8e e-con-full e-flex wpr-particle-no wpr-jarallax-no wpr-parallax-no wpr-sticky-section-no e-con e-child\" data-id=\"1bc9d8e\" data-element_type=\"container\">\n\t\t\t\t<div class=\"elementor-element elementor-element-1a25551 elementor-widget elementor-widget-text-editor\" data-id=\"1a25551\" data-element_type=\"widget\" data-widget_type=\"text-editor.default\">\n\t\t\t\t<div class=\"elementor-widget-container\">\n\t\t\t\t\t\t\t\t\t<p>C\u00e1psula Grupo Aval<\/p>\t\t\t\t\t\t\t\t<\/div>\n\t\t\t\t<\/div>\n\t\t\t\t<div class=\"elementor-element elementor-element-0280d20 elementor-widget elementor-widget-video\" data-id=\"0280d20\" data-element_type=\"widget\" data-settings=\"{&quot;youtube_url&quot;:&quot;https:\\\/\\\/youtu.be\\\/3nG8-BU8SGA?feature=shared&quot;,&quot;video_type&quot;:&quot;youtube&quot;,&quot;controls&quot;:&quot;yes&quot;}\" data-widget_type=\"video.default\">\n\t\t\t\t<div class=\"elementor-widget-container\">\n\t\t\t\t\t\t\t<div class=\"elementor-wrapper elementor-open-inline\">\n\t\t\t<div class=\"elementor-video\"><\/div>\t\t<\/div>\n\t\t\t\t\t\t<\/div>\n\t\t\t\t<\/div>\n\t\t\t\t<\/div>\n\t\t\t\t\t<\/div>\n\t\t\t\t<\/div>\n\t\t\t\t<\/div>","protected":false},"excerpt":{"rendered":"<p>Memor\u00edas weTrade 2025 &#8211; D\u00eda 1 Ceremonia de apertura https:\/\/youtu.be\/5IUljGhxlMc?feature=shared Foro El Poder de la Diversidad https:\/\/youtu.be\/8YPWPG9Avt8?feature=shared C\u00e1psula Ecopetrol https:\/\/youtu.be\/86LAvoMbaoM?feature=shared Entrega de Membres\u00eda Ecopetrol https:\/\/youtu.be\/w5g34BRGPs0?feature=shared C\u00e1psula Compensar https:\/\/youtu.be\/zQpeZRySBwo?feature=shared Entrega de Membres\u00eda Bancamia https:\/\/youtu.be\/t2Z1WHj0RKU?feature=shared El impacto de pol\u00edticas p\u00fablicas que promuevan la econom\u00eda diversa https:\/\/youtu.be\/LRItRLHXXf8?feature=shared C\u00e1psula Grupo Aval https:\/\/youtu.be\/3nG8-BU8SGA?feature=shared<\/p>","protected":false},"author":1,"featured_media":0,"parent":0,"menu_order":0,"comment_status":"closed","ping_status":"closed","template":"","meta":{"site-sidebar-layout":"no-sidebar","site-content-layout":"page-builder","ast-global-header-display":"","ast-banner-title-visibility":"","ast-main-header-display":"","ast-hfb-above-header-display":"","ast-hfb-below-header-display":"","ast-hfb-mobile-header-display":"","site-post-title":"disabled","ast-breadcrumbs-content":"","ast-featured-img":"disabled","footer-sml-layout":"","theme-transparent-header-meta":"default","adv-header-id-meta":"","stick-header-meta":"","header-above-stick-meta":"","header-main-stick-meta":"","header-below-stick-meta":"","_daextrevo_audio_file_creation_date":"","_daextrevo_text_to_speech":"","_daextrevo_document_type":"text","footnotes":""},"class_list":["post-11024","page","type-page","status-publish","hentry"],"yoast_head":"<!-- This site is optimized with the Yoast SEO plugin v24.8.1 - https:\/\/yoast.com\/wordpress\/plugins\/seo\/ -->\n<title>Videos WeTrade 2025 - D\u00eda 1 - weTrade 2026<\/title>\n<meta name=\"robots\" content=\"index, follow, max-snippet:-1, max-image-preview:large, max-video-preview:-1\" \/>\n<link rel=\"canonical\" href=\"https:\/\/expowetrade.com\/en\/videos-wetrade-2025-dia-1\/\" \/>\n<meta property=\"og:locale\" content=\"en_US\" \/>\n<meta property=\"og:type\" content=\"article\" \/>\n<meta property=\"og:title\" content=\"Videos WeTrade 2025 - D\u00eda 1 - weTrade 2026\" \/>\n<meta property=\"og:description\" content=\"Memor\u00edas weTrade 2025 &#8211; D\u00eda 1 Ceremonia de apertura https:\/\/youtu.be\/5IUljGhxlMc?feature=shared Foro El Poder de la Diversidad https:\/\/youtu.be\/8YPWPG9Avt8?feature=shared C\u00e1psula Ecopetrol https:\/\/youtu.be\/86LAvoMbaoM?feature=shared Entrega de Membres\u00eda Ecopetrol https:\/\/youtu.be\/w5g34BRGPs0?feature=shared C\u00e1psula Compensar https:\/\/youtu.be\/zQpeZRySBwo?feature=shared Entrega de Membres\u00eda Bancamia https:\/\/youtu.be\/t2Z1WHj0RKU?feature=shared El impacto de pol\u00edticas p\u00fablicas que promuevan la econom\u00eda diversa https:\/\/youtu.be\/LRItRLHXXf8?feature=shared C\u00e1psula Grupo Aval https:\/\/youtu.be\/3nG8-BU8SGA?feature=shared\" \/>\n<meta property=\"og:url\" content=\"https:\/\/expowetrade.com\/en\/videos-wetrade-2025-dia-1\/\" \/>\n<meta property=\"og:site_name\" content=\"weTrade 2026\" \/>\n<meta property=\"article:modified_time\" content=\"2025-07-18T15:52:29+00:00\" \/>\n<meta property=\"og:image\" content=\"https:\/\/expowetrade.com\/wp-content\/uploads\/2025\/04\/Burbuja-verde-2.webp\" \/>\n\t<meta property=\"og:image:width\" content=\"218\" \/>\n\t<meta property=\"og:image:height\" content=\"225\" \/>\n\t<meta property=\"og:image:type\" content=\"image\/webp\" \/>\n<meta name=\"twitter:card\" content=\"summary_large_image\" \/>\n<meta name=\"twitter:label1\" content=\"Est. reading time\" \/>\n\t<meta name=\"twitter:data1\" content=\"1 minute\" \/>\n<script type=\"application\/ld+json\" class=\"yoast-schema-graph\">{\"@context\":\"https:\/\/schema.org\",\"@graph\":[{\"@type\":\"WebPage\",\"@id\":\"https:\/\/expowetrade.com\/videos-wetrade-2025-dia-1\/\",\"url\":\"https:\/\/expowetrade.com\/videos-wetrade-2025-dia-1\/\",\"name\":\"Videos WeTrade 2025 - D\u00eda 1 - weTrade 2026\",\"isPartOf\":{\"@id\":\"https:\/\/www.expowetrade.com\/#website\"},\"primaryImageOfPage\":{\"@id\":\"https:\/\/expowetrade.com\/videos-wetrade-2025-dia-1\/#primaryimage\"},\"image\":{\"@id\":\"https:\/\/expowetrade.com\/videos-wetrade-2025-dia-1\/#primaryimage\"},\"thumbnailUrl\":\"https:\/\/expowetrade.com\/wp-content\/uploads\/2025\/04\/Burbuja-verde-2.webp\",\"datePublished\":\"2025-07-18T15:26:03+00:00\",\"dateModified\":\"2025-07-18T15:52:29+00:00\",\"breadcrumb\":{\"@id\":\"https:\/\/expowetrade.com\/videos-wetrade-2025-dia-1\/#breadcrumb\"},\"inLanguage\":\"en-US\",\"potentialAction\":[{\"@type\":\"ReadAction\",\"target\":[\"https:\/\/expowetrade.com\/videos-wetrade-2025-dia-1\/\"]}]},{\"@type\":\"ImageObject\",\"inLanguage\":\"en-US\",\"@id\":\"https:\/\/expowetrade.com\/videos-wetrade-2025-dia-1\/#primaryimage\",\"url\":\"https:\/\/expowetrade.com\/wp-content\/uploads\/2025\/04\/Burbuja-verde-2.webp\",\"contentUrl\":\"https:\/\/expowetrade.com\/wp-content\/uploads\/2025\/04\/Burbuja-verde-2.webp\"},{\"@type\":\"BreadcrumbList\",\"@id\":\"https:\/\/expowetrade.com\/videos-wetrade-2025-dia-1\/#breadcrumb\",\"itemListElement\":[{\"@type\":\"ListItem\",\"position\":1,\"name\":\"Portada\",\"item\":\"https:\/\/expowetrade.com\/\"},{\"@type\":\"ListItem\",\"position\":2,\"name\":\"Videos WeTrade 2025 &#8211; D\u00eda 1\"}]},{\"@type\":\"WebSite\",\"@id\":\"https:\/\/www.expowetrade.com\/#website\",\"url\":\"https:\/\/www.expowetrade.com\/\",\"name\":\"weTrade 2026\",\"description\":\"Feria de oportunidades y negocios diversos\",\"publisher\":{\"@id\":\"https:\/\/www.expowetrade.com\/#organization\"},\"potentialAction\":[{\"@type\":\"SearchAction\",\"target\":{\"@type\":\"EntryPoint\",\"urlTemplate\":\"https:\/\/www.expowetrade.com\/?s={search_term_string}\"},\"query-input\":{\"@type\":\"PropertyValueSpecification\",\"valueRequired\":true,\"valueName\":\"search_term_string\"}}],\"inLanguage\":\"en-US\"},{\"@type\":\"Organization\",\"@id\":\"https:\/\/www.expowetrade.com\/#organization\",\"name\":\"weTrade 2026\",\"url\":\"https:\/\/www.expowetrade.com\/\",\"logo\":{\"@type\":\"ImageObject\",\"inLanguage\":\"en-US\",\"@id\":\"https:\/\/www.expowetrade.com\/#\/schema\/logo\/image\/\",\"url\":\"https:\/\/expowetrade.com\/wp-content\/uploads\/2022\/05\/minimowt_Mesa-de-trabajo-1.png\",\"contentUrl\":\"https:\/\/expowetrade.com\/wp-content\/uploads\/2022\/05\/minimowt_Mesa-de-trabajo-1.png\",\"width\":38,\"height\":36,\"caption\":\"weTrade 2026\"},\"image\":{\"@id\":\"https:\/\/www.expowetrade.com\/#\/schema\/logo\/image\/\"}}]}<\/script>\n<!-- \/ Yoast SEO plugin. -->","yoast_head_json":{"title":"Videos WeTrade 2025 - D\u00eda 1 - weTrade 2026","robots":{"index":"index","follow":"follow","max-snippet":"max-snippet:-1","max-image-preview":"max-image-preview:large","max-video-preview":"max-video-preview:-1"},"canonical":"https:\/\/expowetrade.com\/en\/videos-wetrade-2025-dia-1\/","og_locale":"en_US","og_type":"article","og_title":"Videos WeTrade 2025 - D\u00eda 1 - weTrade 2026","og_description":"Memor\u00edas weTrade 2025 &#8211; D\u00eda 1 Ceremonia de apertura https:\/\/youtu.be\/5IUljGhxlMc?feature=shared Foro El Poder de la Diversidad https:\/\/youtu.be\/8YPWPG9Avt8?feature=shared C\u00e1psula Ecopetrol https:\/\/youtu.be\/86LAvoMbaoM?feature=shared Entrega de Membres\u00eda Ecopetrol https:\/\/youtu.be\/w5g34BRGPs0?feature=shared C\u00e1psula Compensar https:\/\/youtu.be\/zQpeZRySBwo?feature=shared Entrega de Membres\u00eda Bancamia https:\/\/youtu.be\/t2Z1WHj0RKU?feature=shared El impacto de pol\u00edticas p\u00fablicas que promuevan la econom\u00eda diversa https:\/\/youtu.be\/LRItRLHXXf8?feature=shared C\u00e1psula Grupo Aval https:\/\/youtu.be\/3nG8-BU8SGA?feature=shared","og_url":"https:\/\/expowetrade.com\/en\/videos-wetrade-2025-dia-1\/","og_site_name":"weTrade 2026","article_modified_time":"2025-07-18T15:52:29+00:00","og_image":[{"width":218,"height":225,"url":"https:\/\/expowetrade.com\/wp-content\/uploads\/2025\/04\/Burbuja-verde-2.webp","type":"image\/webp"}],"twitter_card":"summary_large_image","twitter_misc":{"Est. reading time":"1 minute"},"schema":{"@context":"https:\/\/schema.org","@graph":[{"@type":"WebPage","@id":"https:\/\/expowetrade.com\/videos-wetrade-2025-dia-1\/","url":"https:\/\/expowetrade.com\/videos-wetrade-2025-dia-1\/","name":"Videos WeTrade 2025 - D\u00eda 1 - weTrade 2026","isPartOf":{"@id":"https:\/\/www.expowetrade.com\/#website"},"primaryImageOfPage":{"@id":"https:\/\/expowetrade.com\/videos-wetrade-2025-dia-1\/#primaryimage"},"image":{"@id":"https:\/\/expowetrade.com\/videos-wetrade-2025-dia-1\/#primaryimage"},"thumbnailUrl":"https:\/\/expowetrade.com\/wp-content\/uploads\/2025\/04\/Burbuja-verde-2.webp","datePublished":"2025-07-18T15:26:03+00:00","dateModified":"2025-07-18T15:52:29+00:00","breadcrumb":{"@id":"https:\/\/expowetrade.com\/videos-wetrade-2025-dia-1\/#breadcrumb"},"inLanguage":"en-US","potentialAction":[{"@type":"ReadAction","target":["https:\/\/expowetrade.com\/videos-wetrade-2025-dia-1\/"]}]},{"@type":"ImageObject","inLanguage":"en-US","@id":"https:\/\/expowetrade.com\/videos-wetrade-2025-dia-1\/#primaryimage","url":"https:\/\/expowetrade.com\/wp-content\/uploads\/2025\/04\/Burbuja-verde-2.webp","contentUrl":"https:\/\/expowetrade.com\/wp-content\/uploads\/2025\/04\/Burbuja-verde-2.webp"},{"@type":"BreadcrumbList","@id":"https:\/\/expowetrade.com\/videos-wetrade-2025-dia-1\/#breadcrumb","itemListElement":[{"@type":"ListItem","position":1,"name":"Portada","item":"https:\/\/expowetrade.com\/"},{"@type":"ListItem","position":2,"name":"Videos WeTrade 2025 &#8211; D\u00eda 1"}]},{"@type":"WebSite","@id":"https:\/\/www.expowetrade.com\/#website","url":"https:\/\/www.expowetrade.com\/","name":"weTrade 2026","description":"Feria de oportunidades y negocios diversos","publisher":{"@id":"https:\/\/www.expowetrade.com\/#organization"},"potentialAction":[{"@type":"SearchAction","target":{"@type":"EntryPoint","urlTemplate":"https:\/\/www.expowetrade.com\/?s={search_term_string}"},"query-input":{"@type":"PropertyValueSpecification","valueRequired":true,"valueName":"search_term_string"}}],"inLanguage":"en-US"},{"@type":"Organization","@id":"https:\/\/www.expowetrade.com\/#organization","name":"weTrade 2026","url":"https:\/\/www.expowetrade.com\/","logo":{"@type":"ImageObject","inLanguage":"en-US","@id":"https:\/\/www.expowetrade.com\/#\/schema\/logo\/image\/","url":"https:\/\/expowetrade.com\/wp-content\/uploads\/2022\/05\/minimowt_Mesa-de-trabajo-1.png","contentUrl":"https:\/\/expowetrade.com\/wp-content\/uploads\/2022\/05\/minimowt_Mesa-de-trabajo-1.png","width":38,"height":36,"caption":"weTrade 2026"},"image":{"@id":"https:\/\/www.expowetrade.com\/#\/schema\/logo\/image\/"}}]}},"_links":{"self":[{"href":"https:\/\/expowetrade.com\/en\/wp-json\/wp\/v2\/pages\/11024","targetHints":{"allow":["GET"]}}],"collection":[{"href":"https:\/\/expowetrade.com\/en\/wp-json\/wp\/v2\/pages"}],"about":[{"href":"https:\/\/expowetrade.com\/en\/wp-json\/wp\/v2\/types\/page"}],"author":[{"embeddable":true,"href":"https:\/\/expowetrade.com\/en\/wp-json\/wp\/v2\/users\/1"}],"replies":[{"embeddable":true,"href":"https:\/\/expowetrade.com\/en\/wp-json\/wp\/v2\/comments?post=11024"}],"version-history":[{"count":19,"href":"https:\/\/expowetrade.com\/en\/wp-json\/wp\/v2\/pages\/11024\/revisions"}],"predecessor-version":[{"id":11050,"href":"https:\/\/expowetrade.com\/en\/wp-json\/wp\/v2\/pages\/11024\/revisions\/11050"}],"wp:attachment":[{"href":"https:\/\/expowetrade.com\/en\/wp-json\/wp\/v2\/media?parent=11024"}],"curies":[{"name":"wp","href":"https:\/\/api.w.org\/{rel}","templated":true}]}}