{"id":10282,"date":"2025-07-04T21:08:56","date_gmt":"2025-07-04T21:08:56","guid":{"rendered":"https:\/\/expowetrade.com\/?page_id=10282"},"modified":"2025-10-21T20:00:52","modified_gmt":"2025-10-21T20:00:52","slug":"videos-2025","status":"publish","type":"page","link":"https:\/\/expowetrade.com\/en\/videos-2025\/","title":{"rendered":"Videos 2025"},"content":{"rendered":"<div data-elementor-type=\"wp-page\" data-elementor-id=\"10282\" class=\"elementor elementor-10282\">\n\t\t\t\t<div class=\"elementor-element elementor-element-adfdc0e e-con-full e-flex wpr-particle-no wpr-jarallax-no wpr-parallax-no wpr-sticky-section-no e-con e-parent\" data-id=\"adfdc0e\" data-element_type=\"container\" id=\"inicio\" data-settings=\"{&quot;background_background&quot;:&quot;classic&quot;}\">\n\t\t\t\t<div class=\"elementor-element elementor-element-8372f98 elementor-widget__width-auto elementor-invisible elementor-widget elementor-widget-heading\" data-id=\"8372f98\" data-element_type=\"widget\" data-settings=\"{&quot;_animation&quot;:&quot;fadeInLeft&quot;,&quot;_animation_widescreen&quot;:&quot;fadeInLeft&quot;}\" data-widget_type=\"heading.default\">\n\t\t\t\t<div class=\"elementor-widget-container\">\n\t\t\t\t\t<h2 class=\"elementor-heading-title elementor-size-default\">TE INVITAMOS  A<\/h2>\t\t\t\t<\/div>\n\t\t\t\t<\/div>\n\t\t\t\t<div class=\"elementor-element elementor-element-9fe7a6a elementor-invisible elementor-widget elementor-widget-heading\" data-id=\"9fe7a6a\" data-element_type=\"widget\" data-settings=\"{&quot;_animation&quot;:&quot;fadeInLeft&quot;,&quot;_animation_widescreen&quot;:&quot;fadeInLeft&quot;}\" data-widget_type=\"heading.default\">\n\t\t\t\t<div class=\"elementor-widget-container\">\n\t\t\t\t\t<h2 class=\"elementor-heading-title elementor-size-default\"><strong> Conocer las<\/strong>  <\/h2>\t\t\t\t<\/div>\n\t\t\t\t<\/div>\n\t\t\t\t<div class=\"elementor-element elementor-element-b962721 elementor-invisible elementor-widget elementor-widget-heading\" data-id=\"b962721\" data-element_type=\"widget\" data-settings=\"{&quot;_animation&quot;:&quot;fadeInLeft&quot;,&quot;_animation_widescreen&quot;:&quot;fadeInLeft&quot;}\" data-widget_type=\"heading.default\">\n\t\t\t\t<div class=\"elementor-widget-container\">\n\t\t\t\t\t<h2 class=\"elementor-heading-title elementor-size-default\">Memoirs  <br><\/h2>\t\t\t\t<\/div>\n\t\t\t\t<\/div>\n\t\t\t\t<div class=\"elementor-element elementor-element-ec159ca elementor-widget__width-initial elementor-widget-tablet_extra__width-initial elementor-invisible elementor-widget elementor-widget-heading\" data-id=\"ec159ca\" data-element_type=\"widget\" data-settings=\"{&quot;_animation&quot;:&quot;fadeInLeft&quot;,&quot;_animation_widescreen&quot;:&quot;fadeInLeft&quot;}\" data-widget_type=\"heading.default\">\n\t\t\t\t<div class=\"elementor-widget-container\">\n\t\t\t\t\t<h2 class=\"elementor-heading-title elementor-size-default\">En weTrade 2025 <br><\/h2>\t\t\t\t<\/div>\n\t\t\t\t<\/div>\n\t\t\t\t<\/div>\n\t\t<div class=\"elementor-element elementor-element-95d3706 e-flex e-con-boxed wpr-particle-no wpr-jarallax-no wpr-parallax-no wpr-sticky-section-no e-con e-parent\" data-id=\"95d3706\" data-element_type=\"container\">\n\t\t\t\t\t<div class=\"e-con-inner\">\n\t\t<div class=\"elementor-element elementor-element-18500821 e-con-full e-flex wpr-particle-no wpr-jarallax-no wpr-parallax-no wpr-sticky-section-no e-con e-child\" data-id=\"18500821\" data-element_type=\"container\">\n\t\t\t\t<div class=\"elementor-element elementor-element-58894c95 elementor-widget elementor-widget-heading\" data-id=\"58894c95\" data-element_type=\"widget\" data-widget_type=\"heading.default\">\n\t\t\t\t<div class=\"elementor-widget-container\">\n\t\t\t\t\t<h2 class=\"elementor-heading-title elementor-size-default\">Day 1 <\/h2>\t\t\t\t<\/div>\n\t\t\t\t<\/div>\n\t\t\t\t<div class=\"elementor-element elementor-element-79f8e06c elementor-button-warning elementor-mobile-align-justify elementor-align-center elementor-widescreen-align-center elementor-widget elementor-widget-button\" data-id=\"79f8e06c\" data-element_type=\"widget\" data-widget_type=\"button.default\">\n\t\t\t\t<div class=\"elementor-widget-container\">\n\t\t\t\t\t\t\t\t\t<div class=\"elementor-button-wrapper\">\n\t\t\t\t\t<a class=\"elementor-button elementor-button-link elementor-size-sm\" href=\"https:\/\/expowetrade.com\/en\/videos-wetrade-2025-dia-1\/\">\n\t\t\t\t\t\t<span class=\"elementor-button-content-wrapper\">\n\t\t\t\t\t\t\t\t\t<span class=\"elementor-button-text\">Videos<\/span>\n\t\t\t\t\t<\/span>\n\t\t\t\t\t<\/a>\n\t\t\t\t<\/div>\n\t\t\t\t\t\t\t\t<\/div>\n\t\t\t\t<\/div>\n\t\t\t\t<div class=\"elementor-element elementor-element-78e7a06f elementor-widget elementor-widget-video\" data-id=\"78e7a06f\" data-element_type=\"widget\" data-settings=\"{&quot;youtube_url&quot;:&quot;https:\\\/\\\/www.youtube.com\\\/watch?v=zOPO8Zxbwi0&quot;,&quot;video_type&quot;:&quot;youtube&quot;,&quot;controls&quot;:&quot;yes&quot;}\" data-widget_type=\"video.default\">\n\t\t\t\t<div class=\"elementor-widget-container\">\n\t\t\t\t\t\t\t<div class=\"elementor-wrapper elementor-open-inline\">\n\t\t\t<div class=\"elementor-video\"><\/div>\t\t<\/div>\n\t\t\t\t\t\t<\/div>\n\t\t\t\t<\/div>\n\t\t\t\t<\/div>\n\t\t<div class=\"elementor-element elementor-element-1826289 e-con-full e-flex wpr-particle-no wpr-jarallax-no wpr-parallax-no wpr-sticky-section-no e-con e-child\" data-id=\"1826289\" data-element_type=\"container\">\n\t\t\t\t<div class=\"elementor-element elementor-element-d54096b elementor-widget elementor-widget-heading\" data-id=\"d54096b\" data-element_type=\"widget\" data-widget_type=\"heading.default\">\n\t\t\t\t<div class=\"elementor-widget-container\">\n\t\t\t\t\t<h2 class=\"elementor-heading-title elementor-size-default\">Day 2<\/h2>\t\t\t\t<\/div>\n\t\t\t\t<\/div>\n\t\t\t\t<div class=\"elementor-element elementor-element-68717364 elementor-button-warning elementor-mobile-align-justify elementor-align-center elementor-widescreen-align-center elementor-widget elementor-widget-button\" data-id=\"68717364\" data-element_type=\"widget\" data-widget_type=\"button.default\">\n\t\t\t\t<div class=\"elementor-widget-container\">\n\t\t\t\t\t\t\t\t\t<div class=\"elementor-button-wrapper\">\n\t\t\t\t\t<a class=\"elementor-button elementor-button-link elementor-size-sm\" href=\"https:\/\/expowetrade.com\/en\/videos-wetrade-2025-dia-2\/\">\n\t\t\t\t\t\t<span class=\"elementor-button-content-wrapper\">\n\t\t\t\t\t\t\t\t\t<span class=\"elementor-button-text\">Videos<\/span>\n\t\t\t\t\t<\/span>\n\t\t\t\t\t<\/a>\n\t\t\t\t<\/div>\n\t\t\t\t\t\t\t\t<\/div>\n\t\t\t\t<\/div>\n\t\t\t\t<div class=\"elementor-element elementor-element-193c6d37 elementor-widget elementor-widget-video\" data-id=\"193c6d37\" data-element_type=\"widget\" data-settings=\"{&quot;youtube_url&quot;:&quot;https:\\\/\\\/www.youtube.com\\\/watch?v=lydYSp6QxH8&quot;,&quot;video_type&quot;:&quot;youtube&quot;,&quot;controls&quot;:&quot;yes&quot;}\" data-widget_type=\"video.default\">\n\t\t\t\t<div class=\"elementor-widget-container\">\n\t\t\t\t\t\t\t<div class=\"elementor-wrapper elementor-open-inline\">\n\t\t\t<div class=\"elementor-video\"><\/div>\t\t<\/div>\n\t\t\t\t\t\t<\/div>\n\t\t\t\t<\/div>\n\t\t\t\t<\/div>\n\t\t\t\t\t<\/div>\n\t\t\t\t<\/div>\n\t\t<div class=\"elementor-element elementor-element-9a5c02f e-flex e-con-boxed wpr-particle-no wpr-jarallax-no wpr-parallax-no wpr-sticky-section-no e-con e-parent\" data-id=\"9a5c02f\" data-element_type=\"container\" data-settings=\"{&quot;background_background&quot;:&quot;classic&quot;}\">\n\t\t\t\t\t<div class=\"e-con-inner\">\n\t\t\t\t<div class=\"elementor-element elementor-element-1d34592 elementor-widget elementor-widget-heading\" data-id=\"1d34592\" data-element_type=\"widget\" data-widget_type=\"heading.default\">\n\t\t\t\t<div class=\"elementor-widget-container\">\n\t\t\t\t\t<p class=\"elementor-heading-title elementor-size-default\">Contact us<\/p>\t\t\t\t<\/div>\n\t\t\t\t<\/div>\n\t\t\t\t<div class=\"elementor-element elementor-element-284e07c elementor-widget elementor-widget-text-editor\" data-id=\"284e07c\" data-element_type=\"widget\" data-widget_type=\"text-editor.default\">\n\t\t\t\t<div class=\"elementor-widget-container\">\n\t\t\t\t\t\t\t\t\t<p>Email: director@camaradeladiversidad.com<br \/>Tel: (601) 4973920\u00a0<\/p>\t\t\t\t\t\t\t\t<\/div>\n\t\t\t\t<\/div>\n\t\t<div class=\"elementor-element elementor-element-416cad2 e-con-full e-flex wpr-particle-no wpr-jarallax-no wpr-parallax-no wpr-sticky-section-no e-con e-child\" data-id=\"416cad2\" data-element_type=\"container\">\n\t\t\t\t<div class=\"elementor-element elementor-element-2a69f9d elementor-widget elementor-widget-image\" data-id=\"2a69f9d\" data-element_type=\"widget\" data-widget_type=\"image.default\">\n\t\t\t\t<div class=\"elementor-widget-container\">\n\t\t\t\t\t\t\t\t\t\t\t\t\t\t\t<img decoding=\"async\" width=\"178\" height=\"164\" src=\"https:\/\/expowetrade.com\/wp-content\/uploads\/2023\/07\/Footer-Logo-weTrade.png\" class=\"attachment-full size-full wp-image-5873\" alt=\"\" \/>\t\t\t\t\t\t\t\t\t\t\t\t\t\t\t<\/div>\n\t\t\t\t<\/div>\n\t\t\t\t<div class=\"elementor-element elementor-element-71dcb5e elementor-widget elementor-widget-image\" data-id=\"71dcb5e\" data-element_type=\"widget\" data-widget_type=\"image.default\">\n\t\t\t\t<div class=\"elementor-widget-container\">\n\t\t\t\t\t\t\t\t\t\t\t\t\t\t\t<img decoding=\"async\" width=\"300\" height=\"113\" src=\"https:\/\/expowetrade.com\/wp-content\/uploads\/2023\/07\/Footer-Logo-Camara.png\" class=\"attachment-large size-large wp-image-5872\" alt=\"\" \/>\t\t\t\t\t\t\t\t\t\t\t\t\t\t\t<\/div>\n\t\t\t\t<\/div>\n\t\t\t\t<\/div>\n\t\t\t\t\t<\/div>\n\t\t\t\t<\/div>\n\t\t\t\t<\/div>","protected":false},"excerpt":{"rendered":"<p>TE INVITAMOS A Conocer las Memorias En weTrade 2025 D\u00eda 1 Videos D\u00eda 2 Videos Cont\u00e1ctanos Email: director@camaradeladiversidad.comTel: (601) 4973920\u00a0<\/p>","protected":false},"author":1,"featured_media":0,"parent":0,"menu_order":0,"comment_status":"closed","ping_status":"closed","template":"","meta":{"site-sidebar-layout":"no-sidebar","site-content-layout":"page-builder","ast-global-header-display":"","ast-banner-title-visibility":"","ast-main-header-display":"","ast-hfb-above-header-display":"","ast-hfb-below-header-display":"","ast-hfb-mobile-header-display":"","site-post-title":"disabled","ast-breadcrumbs-content":"","ast-featured-img":"disabled","footer-sml-layout":"","theme-transparent-header-meta":"default","adv-header-id-meta":"","stick-header-meta":"","header-above-stick-meta":"","header-main-stick-meta":"","header-below-stick-meta":"","_daextrevo_audio_file_creation_date":"","_daextrevo_text_to_speech":"","_daextrevo_document_type":"text","footnotes":""},"class_list":["post-10282","page","type-page","status-publish","hentry"],"yoast_head":"<!-- This site is optimized with the Yoast SEO plugin v24.8.1 - https:\/\/yoast.com\/wordpress\/plugins\/seo\/ -->\n<title>Videos 2025 - weTrade 2026<\/title>\n<meta name=\"robots\" content=\"index, follow, max-snippet:-1, max-image-preview:large, max-video-preview:-1\" \/>\n<link rel=\"canonical\" href=\"https:\/\/expowetrade.com\/en\/videos-2025\/\" \/>\n<meta property=\"og:locale\" content=\"en_US\" \/>\n<meta property=\"og:type\" content=\"article\" \/>\n<meta property=\"og:title\" content=\"Videos 2025 - weTrade 2026\" \/>\n<meta property=\"og:description\" content=\"TE INVITAMOS A Conocer las Memorias En weTrade 2025 D\u00eda 1 Videos D\u00eda 2 Videos Cont\u00e1ctanos Email: director@camaradeladiversidad.comTel: (601) 4973920\u00a0\" \/>\n<meta property=\"og:url\" content=\"https:\/\/expowetrade.com\/en\/videos-2025\/\" \/>\n<meta property=\"og:site_name\" content=\"weTrade 2026\" \/>\n<meta property=\"article:modified_time\" content=\"2025-10-21T20:00:52+00:00\" \/>\n<meta property=\"og:image\" content=\"https:\/\/expowetrade.com\/wp-content\/uploads\/2023\/07\/Footer-Logo-weTrade.png\" \/>\n\t<meta property=\"og:image:width\" content=\"178\" \/>\n\t<meta property=\"og:image:height\" content=\"164\" \/>\n\t<meta property=\"og:image:type\" content=\"image\/png\" \/>\n<meta name=\"twitter:card\" content=\"summary_large_image\" \/>\n<meta name=\"twitter:label1\" content=\"Est. reading time\" \/>\n\t<meta name=\"twitter:data1\" content=\"1 minute\" \/>\n<script type=\"application\/ld+json\" class=\"yoast-schema-graph\">{\"@context\":\"https:\/\/schema.org\",\"@graph\":[{\"@type\":\"WebPage\",\"@id\":\"https:\/\/expowetrade.com\/videos-2025\/\",\"url\":\"https:\/\/expowetrade.com\/videos-2025\/\",\"name\":\"Videos 2025 - weTrade 2026\",\"isPartOf\":{\"@id\":\"https:\/\/www.expowetrade.com\/#website\"},\"primaryImageOfPage\":{\"@id\":\"https:\/\/expowetrade.com\/videos-2025\/#primaryimage\"},\"image\":{\"@id\":\"https:\/\/expowetrade.com\/videos-2025\/#primaryimage\"},\"thumbnailUrl\":\"https:\/\/expowetrade.com\/wp-content\/uploads\/2023\/07\/Footer-Logo-weTrade.png\",\"datePublished\":\"2025-07-04T21:08:56+00:00\",\"dateModified\":\"2025-10-21T20:00:52+00:00\",\"breadcrumb\":{\"@id\":\"https:\/\/expowetrade.com\/videos-2025\/#breadcrumb\"},\"inLanguage\":\"en-US\",\"potentialAction\":[{\"@type\":\"ReadAction\",\"target\":[\"https:\/\/expowetrade.com\/videos-2025\/\"]}]},{\"@type\":\"ImageObject\",\"inLanguage\":\"en-US\",\"@id\":\"https:\/\/expowetrade.com\/videos-2025\/#primaryimage\",\"url\":\"https:\/\/expowetrade.com\/wp-content\/uploads\/2023\/07\/Footer-Logo-weTrade.png\",\"contentUrl\":\"https:\/\/expowetrade.com\/wp-content\/uploads\/2023\/07\/Footer-Logo-weTrade.png\"},{\"@type\":\"BreadcrumbList\",\"@id\":\"https:\/\/expowetrade.com\/videos-2025\/#breadcrumb\",\"itemListElement\":[{\"@type\":\"ListItem\",\"position\":1,\"name\":\"Portada\",\"item\":\"https:\/\/expowetrade.com\/\"},{\"@type\":\"ListItem\",\"position\":2,\"name\":\"Videos 2025\"}]},{\"@type\":\"WebSite\",\"@id\":\"https:\/\/www.expowetrade.com\/#website\",\"url\":\"https:\/\/www.expowetrade.com\/\",\"name\":\"weTrade 2026\",\"description\":\"Feria de oportunidades y negocios diversos\",\"publisher\":{\"@id\":\"https:\/\/www.expowetrade.com\/#organization\"},\"potentialAction\":[{\"@type\":\"SearchAction\",\"target\":{\"@type\":\"EntryPoint\",\"urlTemplate\":\"https:\/\/www.expowetrade.com\/?s={search_term_string}\"},\"query-input\":{\"@type\":\"PropertyValueSpecification\",\"valueRequired\":true,\"valueName\":\"search_term_string\"}}],\"inLanguage\":\"en-US\"},{\"@type\":\"Organization\",\"@id\":\"https:\/\/www.expowetrade.com\/#organization\",\"name\":\"weTrade 2026\",\"url\":\"https:\/\/www.expowetrade.com\/\",\"logo\":{\"@type\":\"ImageObject\",\"inLanguage\":\"en-US\",\"@id\":\"https:\/\/www.expowetrade.com\/#\/schema\/logo\/image\/\",\"url\":\"https:\/\/expowetrade.com\/wp-content\/uploads\/2022\/05\/minimowt_Mesa-de-trabajo-1.png\",\"contentUrl\":\"https:\/\/expowetrade.com\/wp-content\/uploads\/2022\/05\/minimowt_Mesa-de-trabajo-1.png\",\"width\":38,\"height\":36,\"caption\":\"weTrade 2026\"},\"image\":{\"@id\":\"https:\/\/www.expowetrade.com\/#\/schema\/logo\/image\/\"}}]}<\/script>\n<!-- \/ Yoast SEO plugin. -->","yoast_head_json":{"title":"Videos 2025 - weTrade 2026","robots":{"index":"index","follow":"follow","max-snippet":"max-snippet:-1","max-image-preview":"max-image-preview:large","max-video-preview":"max-video-preview:-1"},"canonical":"https:\/\/expowetrade.com\/en\/videos-2025\/","og_locale":"en_US","og_type":"article","og_title":"Videos 2025 - weTrade 2026","og_description":"TE INVITAMOS A Conocer las Memorias En weTrade 2025 D\u00eda 1 Videos D\u00eda 2 Videos Cont\u00e1ctanos Email: director@camaradeladiversidad.comTel: (601) 4973920\u00a0","og_url":"https:\/\/expowetrade.com\/en\/videos-2025\/","og_site_name":"weTrade 2026","article_modified_time":"2025-10-21T20:00:52+00:00","og_image":[{"width":178,"height":164,"url":"https:\/\/expowetrade.com\/wp-content\/uploads\/2023\/07\/Footer-Logo-weTrade.png","type":"image\/png"}],"twitter_card":"summary_large_image","twitter_misc":{"Est. reading time":"1 minute"},"schema":{"@context":"https:\/\/schema.org","@graph":[{"@type":"WebPage","@id":"https:\/\/expowetrade.com\/videos-2025\/","url":"https:\/\/expowetrade.com\/videos-2025\/","name":"Videos 2025 - weTrade 2026","isPartOf":{"@id":"https:\/\/www.expowetrade.com\/#website"},"primaryImageOfPage":{"@id":"https:\/\/expowetrade.com\/videos-2025\/#primaryimage"},"image":{"@id":"https:\/\/expowetrade.com\/videos-2025\/#primaryimage"},"thumbnailUrl":"https:\/\/expowetrade.com\/wp-content\/uploads\/2023\/07\/Footer-Logo-weTrade.png","datePublished":"2025-07-04T21:08:56+00:00","dateModified":"2025-10-21T20:00:52+00:00","breadcrumb":{"@id":"https:\/\/expowetrade.com\/videos-2025\/#breadcrumb"},"inLanguage":"en-US","potentialAction":[{"@type":"ReadAction","target":["https:\/\/expowetrade.com\/videos-2025\/"]}]},{"@type":"ImageObject","inLanguage":"en-US","@id":"https:\/\/expowetrade.com\/videos-2025\/#primaryimage","url":"https:\/\/expowetrade.com\/wp-content\/uploads\/2023\/07\/Footer-Logo-weTrade.png","contentUrl":"https:\/\/expowetrade.com\/wp-content\/uploads\/2023\/07\/Footer-Logo-weTrade.png"},{"@type":"BreadcrumbList","@id":"https:\/\/expowetrade.com\/videos-2025\/#breadcrumb","itemListElement":[{"@type":"ListItem","position":1,"name":"Portada","item":"https:\/\/expowetrade.com\/"},{"@type":"ListItem","position":2,"name":"Videos 2025"}]},{"@type":"WebSite","@id":"https:\/\/www.expowetrade.com\/#website","url":"https:\/\/www.expowetrade.com\/","name":"weTrade 2026","description":"Feria de oportunidades y negocios diversos","publisher":{"@id":"https:\/\/www.expowetrade.com\/#organization"},"potentialAction":[{"@type":"SearchAction","target":{"@type":"EntryPoint","urlTemplate":"https:\/\/www.expowetrade.com\/?s={search_term_string}"},"query-input":{"@type":"PropertyValueSpecification","valueRequired":true,"valueName":"search_term_string"}}],"inLanguage":"en-US"},{"@type":"Organization","@id":"https:\/\/www.expowetrade.com\/#organization","name":"weTrade 2026","url":"https:\/\/www.expowetrade.com\/","logo":{"@type":"ImageObject","inLanguage":"en-US","@id":"https:\/\/www.expowetrade.com\/#\/schema\/logo\/image\/","url":"https:\/\/expowetrade.com\/wp-content\/uploads\/2022\/05\/minimowt_Mesa-de-trabajo-1.png","contentUrl":"https:\/\/expowetrade.com\/wp-content\/uploads\/2022\/05\/minimowt_Mesa-de-trabajo-1.png","width":38,"height":36,"caption":"weTrade 2026"},"image":{"@id":"https:\/\/www.expowetrade.com\/#\/schema\/logo\/image\/"}}]}},"_links":{"self":[{"href":"https:\/\/expowetrade.com\/en\/wp-json\/wp\/v2\/pages\/10282","targetHints":{"allow":["GET"]}}],"collection":[{"href":"https:\/\/expowetrade.com\/en\/wp-json\/wp\/v2\/pages"}],"about":[{"href":"https:\/\/expowetrade.com\/en\/wp-json\/wp\/v2\/types\/page"}],"author":[{"embeddable":true,"href":"https:\/\/expowetrade.com\/en\/wp-json\/wp\/v2\/users\/1"}],"replies":[{"embeddable":true,"href":"https:\/\/expowetrade.com\/en\/wp-json\/wp\/v2\/comments?post=10282"}],"version-history":[{"count":33,"href":"https:\/\/expowetrade.com\/en\/wp-json\/wp\/v2\/pages\/10282\/revisions"}],"predecessor-version":[{"id":11740,"href":"https:\/\/expowetrade.com\/en\/wp-json\/wp\/v2\/pages\/10282\/revisions\/11740"}],"wp:attachment":[{"href":"https:\/\/expowetrade.com\/en\/wp-json\/wp\/v2\/media?parent=10282"}],"curies":[{"name":"wp","href":"https:\/\/api.w.org\/{rel}","templated":true}]}}